{"id":1252,"date":"2024-11-07T23:35:46","date_gmt":"2024-11-07T23:35:46","guid":{"rendered":"https:\/\/www.lagunalawfirm.com\/?page_id=1252"},"modified":"2026-03-25T05:53:59","modified_gmt":"2026-03-25T05:53:59","slug":"preguntas-frecuentes-sobre-la-indemnizacion-por-accidentes-laborales","status":"publish","type":"page","link":"https:\/\/www.lagunalawfirm.com\/es\/workers-comp-frequently-asked-questions-faq\/","title":{"rendered":"Preguntas frecuentes sobre la indemnizaci\u00f3n por accidentes laborales (FAQ)"},"content":{"rendered":"<p><\/p>\n\n\n\n<p><\/p>\n\n\n\n<h2 class=\"wp-block-heading\"><strong><a href=\"https:\/\/www.lagunalawfirm.com\/es\/preguntas-frecuentes-sobre-la-indemnizacion-por-accidentes-laborales\/cual-es-el-monto-promedio-de-los-acuerdos-por-accidentes-laborales-en-california\/\">\u00bfCu\u00e1l es el monto promedio de los acuerdos por accidentes laborales en California?<\/a><\/strong><\/h2>\n\n\n\n<p>El monto promedio de un acuerdo por indemnizaci\u00f3n laboral en California puede variar considerablemente seg\u00fan la naturaleza de la lesi\u00f3n, el grado de discapacidad y las circunstancias del caso. Por lo general, los acuerdos oscilan entre unos pocos miles de d\u00f3lares y m\u00e1s de 100 000 d\u00f3lares, dependiendo de factores como los gastos m\u00e9dicos, los salarios perdidos y las prestaciones futuras por discapacidad. En Laguna Law Firm, trabajamos con diligencia para garantizar que nuestros clientes reciban la indemnizaci\u00f3n m\u00e1xima posible en funci\u00f3n de las caracter\u00edsticas espec\u00edficas de su caso.<\/p>\n\n\n\n<hr class=\"wp-block-separator has-alpha-channel-opacity\"\/>\n\n\n\n<p><\/p>\n\n\n\n<h2 class=\"wp-block-heading\"><strong><a href=\"https:\/\/www.lagunalawfirm.com\/es\/preguntas-frecuentes-sobre-la-indemnizacion-por-accidentes-laborales\/necesito-un-abogado-para-presentar-una-reclamacion-de-indemnizacion-laboral-en-california\/\">\u00bfC\u00f3mo elegir un abogado especializado en indemnizaciones por accidentes laborales en California?<\/a><\/strong><\/h2>\n\n\n\n<p>Elegir al abogado especializado en indemnizaciones por accidentes laborales adecuado en California es fundamental para que tu reclamaci\u00f3n tenga \u00e9xito. A continuaci\u00f3n te ofrecemos algunos consejos:<\/p>\n\n\n\n<ol start=\"1\" class=\"wp-block-list\">\n<li><strong>Experiencia:<\/strong>&nbsp;Busque un bufete de abogados como Laguna Law Firm, con amplia experiencia en la gesti\u00f3n de casos de indemnizaci\u00f3n laboral similares al suyo.<\/li>\n\n\n\n<li><strong>Reputaci\u00f3n:<\/strong>&nbsp;Consulte las rese\u00f1as y los testimonios en l\u00ednea de clientes anteriores para evaluar la trayectoria del abogado.<\/li>\n\n\n\n<li><strong>Especializaci\u00f3n:<\/strong>&nbsp;Aseg\u00farese de que el abogado est\u00e9 especializado en derecho de indemnizaci\u00f3n laboral en California.<\/li>\n\n\n\n<li><strong>Comunicaci\u00f3n<\/strong>&nbsp;Elige un abogado que sea receptivo y te mantenga informado durante todo el proceso.<\/li>\n\n\n\n<li><strong>Consulta:<\/strong>&nbsp;La mayor\u00eda de los bufetes de abogados de prestigio, incluido Laguna Law Firm, ofrecen una consulta inicial gratuita para analizar su caso y determinar si son la opci\u00f3n adecuada.<\/li>\n<\/ol>\n\n\n\n<hr class=\"wp-block-separator has-alpha-channel-opacity\"\/>\n\n\n\n<p><\/p>\n\n\n\n<h2 class=\"wp-block-heading\"><strong><a href=\"https:\/\/www.lagunalawfirm.com\/es\/preguntas-frecuentes-sobre-la-indemnizacion-por-accidentes-laborales\/que-pasa-si-se-rechaza-la-indemnizacion-por-accidente-laboral-en-california\/\">\u00bfNecesito un abogado para presentar una reclamaci\u00f3n de indemnizaci\u00f3n laboral en California?<\/a><\/strong><\/h2>\n\n\n\n<p>Aunque es posible presentar una demanda de indemnizaci\u00f3n laboral por tu cuenta, contar con un abogado como los de Laguna Law Firm puede aumentar considerablemente tus posibilidades de \u00e9xito. Un abogado puede ayudarte a navegar por el complejo proceso legal, reunir las pruebas necesarias, negociar con las compa\u00f1\u00edas de seguros y representarte ante los tribunales si fuera necesario. Contar con representaci\u00f3n legal garantiza que se protejan tus derechos y que recibas todas las prestaciones a las que tienes derecho.<\/p>\n\n\n\n<hr class=\"wp-block-separator has-alpha-channel-opacity\"\/>\n\n\n\n<p><\/p>\n\n\n\n<h2 class=\"wp-block-heading\"><strong><a href=\"https:\/\/www.lagunalawfirm.com\/es\/preguntas-frecuentes-sobre-la-indemnizacion-por-accidentes-laborales\/que-ocurre-si-se-deniega-la-indemnizacion-por-accidente-laboral-en-california-2\/\">\u00bfQu\u00e9 sucede si se rechaza la indemnizaci\u00f3n por accidente laboral en California?<\/a><\/strong><\/h2>\n\n\n\n<p>Si te rechazan tu solicitud de indemnizaci\u00f3n laboral en California, es importante que act\u00faes con rapidez. Tienes derecho a apelar la decisi\u00f3n. El primer paso es solicitar una audiencia ante la Junta de Apelaciones de Indemnizaci\u00f3n Laboral (WCAB). En Laguna Law Firm, podemos ayudarte a reunir pruebas adicionales, preparar tu caso y representarte durante el proceso de apelaci\u00f3n para aumentar tus posibilidades de obtener un resultado favorable.<\/p>\n\n\n\n<hr class=\"wp-block-separator has-alpha-channel-opacity\"\/>\n\n\n\n<p><\/p>\n\n\n\n<h2 class=\"wp-block-heading\"><strong>\u00bfCu\u00e1nto cuesta un abogado especializado en indemnizaciones por accidentes laborales en California?<\/strong><\/h2>\n\n\n\n<p>En California, los abogados especializados en indemnizaciones por accidentes laborales suelen trabajar a comisi\u00f3n, lo que significa que solo cobran si usted gana el caso. Los honorarios est\u00e1ndar consisten en un porcentaje de las prestaciones o del acuerdo extrajudicial que usted reciba. En Laguna Law Firm, trabajamos a comisi\u00f3n, lo que garantiza que nuestros intereses coincidan con los suyos: solo cobramos cuando usted cobra.<\/p>\n\n\n\n<hr class=\"wp-block-separator has-alpha-channel-opacity\"\/>\n\n\n\n<p><\/p>\n\n\n\n<h2 class=\"wp-block-heading\"><strong><a href=\"https:\/\/www.lagunalawfirm.com\/es\/preguntas-frecuentes-sobre-la-indemnizacion-por-accidentes-laborales\/cuales-son-los-plazos-para-presentar-reclamaciones-de-indemnizacion-laboral-en-california\/\">\u00bfCu\u00e1les son los plazos para presentar reclamaciones de indemnizaci\u00f3n laboral en California?<\/a><\/strong><\/h2>\n\n\n\n<p>En California, debe informar a su empleador sobre su lesi\u00f3n laboral en un plazo de 30 d\u00edas para no perder su derecho a recibir prestaciones. Adem\u00e1s, dispone de un a\u00f1o a partir de la fecha de la lesi\u00f3n para presentar una reclamaci\u00f3n de indemnizaci\u00f3n laboral ante la Junta de Apelaciones de Indemnizaci\u00f3n Laboral (WCAB). El incumplimiento de estos plazos puede dar lugar a que se rechace su reclamaci\u00f3n. El bufete Laguna Law Firm puede ayudarle a cumplir con estos plazos y garantizar que su reclamaci\u00f3n se presente a tiempo.<\/p>\n\n\n\n<hr class=\"wp-block-separator has-alpha-channel-opacity\"\/>\n\n\n\n<p><\/p>\n\n\n\n<h2 class=\"wp-block-heading\"><strong><a href=\"https:\/\/www.lagunalawfirm.com\/es\/preguntas-frecuentes-sobre-la-indemnizacion-por-accidentes-laborales\/me-pueden-despedir-por-presentar-una-reclamacion-de-indemnizacion-laboral-en-california\/\">\u00bfMe pueden despedir por presentar una reclamaci\u00f3n de indemnizaci\u00f3n laboral en California?<\/a><\/strong><\/h2>\n\n\n\n<p>Seg\u00fan la legislaci\u00f3n de California, es ilegal que un empleador despida, amenace o discrimine a un empleado por presentar una reclamaci\u00f3n de indemnizaci\u00f3n laboral. Si cree que ha sido objeto de represalias por presentar una reclamaci\u00f3n, es posible que tenga derecho a una indemnizaci\u00f3n adicional. El bufete Laguna Law Firm puede ayudarle a proteger sus derechos y a presentar una demanda contra su empleador si este ha infringido las leyes contra las represalias de California.<\/p>\n\n\n\n<hr class=\"wp-block-separator has-alpha-channel-opacity\"\/>\n\n\n\n<p><\/p>\n\n\n\n<h2 class=\"wp-block-heading\"><strong><a href=\"https:\/\/www.lagunalawfirm.com\/es\/preguntas-frecuentes-sobre-la-indemnizacion-por-accidentes-laborales\/como-funciona-el-seguro-de-accidentes-laborales-en-california\/\">\u00bfC\u00f3mo funciona el seguro de accidentes laborales en California?<\/a><\/strong><\/h2>\n\n\n\n<p>La indemnizaci\u00f3n por accidentes laborales en California es un sistema sin culpa, lo que significa que los empleados tienen derecho a recibir prestaciones independientemente de qui\u00e9n haya sido el responsable de la lesi\u00f3n. Las prestaciones pueden incluir tratamiento m\u00e9dico, pagos por incapacidad temporal, indemnizaci\u00f3n por incapacidad permanente y rehabilitaci\u00f3n vocacional. En Laguna Law Firm, le guiamos a lo largo de todo el proceso, desde la presentaci\u00f3n de la reclamaci\u00f3n inicial hasta la negociaci\u00f3n de acuerdos o su representaci\u00f3n ante los tribunales.<\/p>\n\n\n\n<hr class=\"wp-block-separator has-alpha-channel-opacity\"\/>\n\n\n\n<p><\/p>\n\n\n\n<h2 class=\"wp-block-heading\"><strong><a href=\"https:\/\/www.lagunalawfirm.com\/es\/preguntas-frecuentes-sobre-la-indemnizacion-por-accidentes-laborales\/que-lesiones-dan-derecho-a-la-indemnizacion-por-accidente-laboral-en-california\/\">\u00bfQu\u00e9 lesiones dan derecho a la indemnizaci\u00f3n por accidente laboral en California?<\/a><\/strong><\/h2>\n\n\n\n<p>En California, el seguro de accidentes de trabajo cubre una amplia gama de lesiones y enfermedades que se producen durante el desempe\u00f1o del trabajo. Entre ellas se incluyen lesiones f\u00edsicas, como fracturas, esguinces y distensiones, as\u00ed como enfermedades profesionales, como lesiones por esfuerzo repetitivo, afecciones respiratorias y trastornos psicol\u00f3gicos relacionados con el trabajo. Si ha sufrido una lesi\u00f3n en el trabajo, Laguna Law Firm puede ayudarle a determinar si su lesi\u00f3n cumple los requisitos y guiarle a lo largo del proceso de reclamaci\u00f3n.<\/p>\n\n\n\n<hr class=\"wp-block-separator has-alpha-channel-opacity\"\/>\n\n\n\n<p><\/p>\n\n\n\n<h2 class=\"wp-block-heading\"><strong><a href=\"https:\/\/www.lagunalawfirm.com\/es\/preguntas-frecuentes-sobre-la-indemnizacion-por-accidentes-laborales\/como-maximizar-las-prestaciones-por-accidente-laboral-en-california\/\">\u00bfC\u00f3mo maximizar las prestaciones por accidente laboral en California?<\/a><\/strong><\/h2>\n\n\n\n<p>Para maximizar tus prestaciones por accidente laboral en California:<\/p>\n\n\n\n<ol start=\"1\" class=\"wp-block-list\">\n<li><strong>Notifique su lesi\u00f3n lo antes posible:<\/strong>&nbsp;Si no lo reportas a tiempo, tu reclamo podr\u00eda verse comprometido.<\/li>\n\n\n\n<li><strong>Busque atenci\u00f3n m\u00e9dica inmediata:<\/strong>&nbsp;Solicite un diagn\u00f3stico exhaustivo y siga todos los tratamientos recomendados.<\/li>\n\n\n\n<li><strong>Documenta todo:<\/strong>&nbsp;Lleve un registro detallado de su lesi\u00f3n, el tratamiento recibido y cualquier comunicaci\u00f3n que mantenga con su empleador o con la compa\u00f1\u00eda de seguros.<\/li>\n\n\n\n<li><strong>Consulte a un abogado:<\/strong>&nbsp;Un abogado con experiencia en indemnizaciones por accidentes laborales del bufete Laguna Law Firm puede ayudarle a orientarse en el sistema, asegurarse de que se presente toda la documentaci\u00f3n necesaria y negociar las prestaciones m\u00e1ximas a las que tiene derecho.<\/li>\n\n\n\n<li><\/li>\n<\/ol>\n\n\n\n<p>En el bufete Laguna Law Firm, nos dedicamos a ayudar a los trabajadores lesionados a obtener las prestaciones que se merecen. Cont\u00e1ctenos hoy mismo para una consulta gratuita en la que podamos analizar su caso y explicarle c\u00f3mo podemos ayudarle.<\/p>\n\n\n\n<p><\/p>","protected":false},"excerpt":{"rendered":"<p>What is the Average Workers\u2019 Comp Settlement in California? The average workers\u2019 compensation settlement in California can vary significantly depending on the nature of the injury, the extent of disability, and the circumstances surrounding the case. Settlements typically range from a few thousand dollars to over $100,000, depending on factors like medical costs, lost wages, [&hellip;]<\/p>\n","protected":false},"author":2,"featured_media":0,"parent":0,"menu_order":0,"comment_status":"closed","ping_status":"closed","template":"","meta":{"footnotes":""},"class_list":["post-1252","page","type-page","status-publish","hentry"],"_links":{"self":[{"href":"https:\/\/www.lagunalawfirm.com\/es\/wp-json\/wp\/v2\/pages\/1252","targetHints":{"allow":["GET"]}}],"collection":[{"href":"https:\/\/www.lagunalawfirm.com\/es\/wp-json\/wp\/v2\/pages"}],"about":[{"href":"https:\/\/www.lagunalawfirm.com\/es\/wp-json\/wp\/v2\/types\/page"}],"author":[{"embeddable":true,"href":"https:\/\/www.lagunalawfirm.com\/es\/wp-json\/wp\/v2\/users\/2"}],"replies":[{"embeddable":true,"href":"https:\/\/www.lagunalawfirm.com\/es\/wp-json\/wp\/v2\/comments?post=1252"}],"version-history":[{"count":3,"href":"https:\/\/www.lagunalawfirm.com\/es\/wp-json\/wp\/v2\/pages\/1252\/revisions"}],"predecessor-version":[{"id":2042,"href":"https:\/\/www.lagunalawfirm.com\/es\/wp-json\/wp\/v2\/pages\/1252\/revisions\/2042"}],"wp:attachment":[{"href":"https:\/\/www.lagunalawfirm.com\/es\/wp-json\/wp\/v2\/media?parent=1252"}],"curies":[{"name":"wp","href":"https:\/\/api.w.org\/{rel}","templated":true}]}}