{"id":1254,"date":"2024-11-07T23:36:54","date_gmt":"2024-11-07T23:36:54","guid":{"rendered":"https:\/\/www.lagunalawfirm.com\/?page_id=1254"},"modified":"2026-03-26T03:17:27","modified_gmt":"2026-03-26T03:17:27","slug":"cual-es-el-monto-promedio-de-los-acuerdos-por-accidentes-laborales-en-california","status":"publish","type":"page","link":"https:\/\/www.lagunalawfirm.com\/es\/services\/workers-compensation\/what-is-the-average-workers-comp-settlement-in-california\/","title":{"rendered":"\u00bfCu\u00e1l es el monto promedio de los acuerdos por accidentes laborales en California?"},"content":{"rendered":"<p>Cuando sufres una lesi\u00f3n en el trabajo, una de las mayores preocupaciones es saber qu\u00e9 indemnizaci\u00f3n puedes esperar recibir. En California, los acuerdos de indemnizaci\u00f3n laboral pueden variar considerablemente en funci\u00f3n de varios factores. En Laguna Law Firm, creemos que es importante que los trabajadores lesionados comprendan claramente qu\u00e9 factores influyen en el valor de su acuerdo y c\u00f3mo asegurarse de recibir la indemnizaci\u00f3n que se merecen.<\/p>\n\n\n\n<p><strong>Comprender los acuerdos de indemnizaci\u00f3n laboral<\/strong><\/p>\n\n\n\n<p>Un acuerdo de indemnizaci\u00f3n laboral en California es un acuerdo entre el trabajador lesionado y la compa\u00f1\u00eda de seguros para resolver una reclamaci\u00f3n. Este acuerdo suele cubrir los gastos m\u00e9dicos, los salarios perdidos y la indemnizaci\u00f3n por cualquier discapacidad permanente. El monto del acuerdo suele ser una suma global, aunque en ciertos casos tambi\u00e9n puede estructurarse en pagos peri\u00f3dicos.<\/p>\n\n\n\n<p><strong>Factores que influyen en el importe de las indemnizaciones<\/strong><\/p>\n\n\n\n<ol start=\"1\" class=\"wp-block-list\">\n<li><strong>Gravedad de la lesi\u00f3n:<\/strong>\u00a0Cuanto m\u00e1s grave sea la lesi\u00f3n, mayor ser\u00e1 probablemente la indemnizaci\u00f3n. Las lesiones graves que provocan una discapacidad permanente suelen dar lugar a indemnizaciones m\u00e1s elevadas, ya que afectan a la capacidad del trabajador para ganarse la vida en el futuro.<\/li>\n\n\n\n<li><strong>Gastos m\u00e9dicos:<\/strong>\u00a0El costo del tratamiento m\u00e9dico, que incluye cirug\u00edas, medicamentos, fisioterapia y cuidados continuos, desempe\u00f1a un papel importante a la hora de determinar el monto del acuerdo. Cuanto m\u00e1s extenso y prolongado sea el tratamiento m\u00e9dico necesario, mayor ser\u00e1 el monto del acuerdo.<\/li>\n\n\n\n<li><strong>Salarios perdidos:<\/strong>\u00a0Si tu lesi\u00f3n te impide trabajar, el seguro de accidentes de trabajo cubrir\u00e1 una parte de los ingresos que hayas perdido. El acuerdo puede incluir una indemnizaci\u00f3n por los ingresos perdidos en el pasado y en el futuro, especialmente si la lesi\u00f3n ha provocado una discapacidad permanente.<\/li>\n\n\n\n<li><strong>Discapacidad permanente:<\/strong>\u00a0Si tu lesi\u00f3n te deja con una discapacidad permanente, es posible que tengas derecho a una indemnizaci\u00f3n adicional. El monto depende de la gravedad de la discapacidad y de su impacto en tu capacidad para trabajar.<\/li>\n\n\n\n<li><strong>Reclamaciones impugnadas:<\/strong>\u00a0Si surge una controversia sobre la gravedad de tu lesi\u00f3n o el monto de las prestaciones a las que tienes derecho, esto puede afectar el monto del acuerdo. Los acuerdos suelen reflejar un punto medio entre lo que la compa\u00f1\u00eda de seguros est\u00e1 dispuesta a pagar y lo que el trabajador considera que se le debe.<\/li>\n<\/ol>\n\n\n\n<p><strong>Importes medios de las indemnizaciones<\/strong><\/p>\n\n\n\n<p>En California, el monto promedio de un acuerdo por indemnizaci\u00f3n laboral puede oscilar entre unos pocos miles de d\u00f3lares y m\u00e1s de 100 000 d\u00f3lares. Las lesiones leves pueden dar lugar a indemnizaciones de entre 1 000 y 10 000 d\u00f3lares, mientras que las lesiones m\u00e1s graves que implican una discapacidad permanente pueden dar lugar a indemnizaciones de entre 50 000 y 150 000 d\u00f3lares o m\u00e1s. Sin embargo, estas cifras son promedios, y los montos reales de las indemnizaciones pueden variar ampliamente en funci\u00f3n de los factores mencionados anteriormente.<\/p>\n\n\n\n<p><strong>C\u00f3mo puede ayudarle el bufete Laguna<\/strong><\/p>\n\n\n\n<p>En el bufete Laguna Law Firm, nuestro objetivo es conseguir la mayor indemnizaci\u00f3n posible para nuestros clientes. Analizamos minuciosamente cada caso, teniendo en cuenta todos los factores relevantes para garantizar que usted reciba una indemnizaci\u00f3n justa por sus lesiones. Tambi\u00e9n nos encargamos de las negociaciones con la compa\u00f1\u00eda de seguros, aprovechando nuestra experiencia para conseguir el mejor resultado posible para usted.<\/p>\n\n\n\n<p><strong>Conclusi\u00f3n<\/strong><\/p>\n\n\n\n<p>Entender qu\u00e9 factores influyen en el valor de un acuerdo de indemnizaci\u00f3n laboral es fundamental para los trabajadores lesionados en California. Si bien los montos promedio de los acuerdos pueden dar una idea general, cada caso es \u00fanico, y los detalles espec\u00edficos de su lesi\u00f3n desempe\u00f1ar\u00e1n un papel importante a la hora de determinar el acuerdo final. En Laguna Law Firm, nos dedicamos a luchar por los derechos de los trabajadores lesionados y a garantizar que reciban la indemnizaci\u00f3n que se merecen. Si ha sufrido una lesi\u00f3n en el trabajo, cont\u00e1ctenos hoy mismo para una consulta gratuita en la que podamos analizar su caso y explicarle c\u00f3mo podemos ayudarle.<\/p>\n\n\n\n<hr class=\"wp-block-separator has-alpha-channel-opacity\"\/>\n\n\n\n<p><strong>C\u00f3mo elegir un abogado especializado en indemnizaciones por accidentes laborales en California<\/strong><\/p>\n\n\n\n<p>Elegir al abogado especializado en indemnizaci\u00f3n laboral adecuado es un paso fundamental para garantizar que recibas las prestaciones que te corresponden tras sufrir una lesi\u00f3n en el trabajo. En California, el sistema de indemnizaci\u00f3n laboral puede resultar complejo, y contar con un abogado con experiencia a tu lado puede marcar una gran diferencia en el resultado de tu caso. En Laguna Law Firm, comprendemos los retos a los que se enfrentan los trabajadores lesionados y nos comprometemos a ofrecerte la mejor representaci\u00f3n legal. A continuaci\u00f3n te explicamos c\u00f3mo puedes elegir al mejor abogado especializado en indemnizaci\u00f3n laboral de California.<\/p>\n\n\n\n<p><strong>1. Busca experiencia<\/strong><\/p>\n\n\n\n<p>A la hora de elegir un abogado especializado en indemnizaci\u00f3n laboral, la experiencia es uno de los factores m\u00e1s importantes a tener en cuenta. Lo ideal es contar con un abogado que haya llevado numerosos casos de indemnizaci\u00f3n laboral similares al suyo y que conozca a fondo las complejidades de las leyes de indemnizaci\u00f3n laboral de California. En Laguna Law Firm, nuestros abogados cuentan con a\u00f1os de experiencia en la representaci\u00f3n de trabajadores lesionados y han logrado obtener prestaciones y acuerdos extrajudiciales para innumerables clientes.<\/p>\n\n\n\n<p><strong>2. Comprueba la reputaci\u00f3n y las rese\u00f1as<\/strong><\/p>\n\n\n\n<p>La reputaci\u00f3n de un abogado puede darte una valiosa idea de su capacidad para manejar tu caso. Busca rese\u00f1as en l\u00ednea, testimonios y recomendaciones de otros clientes que hayan trabajado con el abogado. Los comentarios positivos de clientes anteriores son un buen indicador de la profesionalidad del abogado, sus habilidades de comunicaci\u00f3n y su tasa de \u00e9xito. En Laguna Law Firm, nos enorgullecemos de los comentarios positivos que recibimos de nuestros clientes, lo cual refleja nuestra dedicaci\u00f3n a lograr los mejores resultados posibles.<\/p>\n\n\n\n<p><strong>3. Garantizar la especializaci\u00f3n en indemnizaciones por accidentes de trabajo<\/strong><\/p>\n\n\n\n<p>Aunque muchos abogados se dedican al derecho general de lesiones personales, es fundamental elegir a un abogado especializado en indemnizaci\u00f3n laboral. El derecho de indemnizaci\u00f3n laboral es un campo especializado, y un abogado que se dedique exclusivamente a esta \u00e1rea estar\u00e1 mejor preparado para hacer frente a los retos espec\u00edficos de su caso. El bufete Laguna Law Firm se especializa en derecho de indemnizaci\u00f3n laboral, lo que garantiza que nuestros clientes se beneficien de nuestros profundos conocimientos y experiencia en esta \u00e1rea.<\/p>\n\n\n\n<p><strong>4. Evaluar la comunicaci\u00f3n y la capacidad de respuesta<\/strong><\/p>\n\n\n\n<p>Una comunicaci\u00f3n eficaz es fundamental para que la relaci\u00f3n entre el abogado y el cliente sea satisfactoria. Usted necesita un abogado que escuche sus inquietudes, responda a sus preguntas con claridad y lo mantenga informado durante todo el proceso. Durante la consulta inicial, preste atenci\u00f3n a c\u00f3mo se comunica el abogado con usted. \u00bfEs atento y receptivo? \u00bfExplica las cosas de manera que sean f\u00e1ciles de entender? En Laguna Law Firm, damos prioridad a una comunicaci\u00f3n clara y abierta con nuestros clientes, asegur\u00e1ndonos de que se sientan respaldados en cada paso del camino.<\/p>\n\n\n\n<p><strong>5. Ten en cuenta el costo<\/strong><\/p>\n\n\n\n<p>La mayor\u00eda de los abogados especializados en indemnizaciones por accidentes laborales en California trabajan a comisi\u00f3n, lo que significa que solo cobran si usted gana el caso. Estos honorarios suelen consistir en un porcentaje de las prestaciones o del acuerdo extrajudicial que usted reciba. Es importante hablar de los honorarios desde el principio, durante la consulta inicial, para saber qu\u00e9 esperar. En Laguna Law Firm, trabajamos a comisi\u00f3n, alineando nuestro \u00e9xito con el suyo: solo cobramos cuando usted cobra.<\/p>\n\n\n\n<p><strong>6. Solicita una consulta gratuita<\/strong><\/p>\n\n\n\n<p>Muchos abogados especializados en indemnizaci\u00f3n laboral de renombre ofrecen una consulta inicial gratuita. Esta reuni\u00f3n le brinda la oportunidad de analizar su caso, hacer preguntas y determinar si el abogado es la opci\u00f3n adecuada para sus necesidades. Durante esta consulta, pregunte por la experiencia del abogado, su enfoque para manejar su caso y qu\u00e9 puede esperar en el futuro. En Laguna Law Firm, ofrecemos consultas gratuitas para ayudar a los trabajadores lesionados a tomar decisiones informadas sobre su representaci\u00f3n legal.<\/p>\n\n\n\n<p><strong>Conclusi\u00f3n<\/strong><\/p>\n\n\n\n<p>Elegir al abogado especializado en indemnizaci\u00f3n laboral adecuado en California es fundamental para garantizar las prestaciones a las que tienes derecho tras sufrir una lesi\u00f3n relacionada con el trabajo. Si tienes en cuenta factores como la experiencia, la reputaci\u00f3n, la especializaci\u00f3n, la comunicaci\u00f3n y el costo, podr\u00e1s encontrar un abogado que represente eficazmente tus intereses. En Laguna Law Firm, nos dedicamos a ayudar a los trabajadores lesionados a navegar por las complejidades del sistema de indemnizaci\u00f3n laboral y a lograr los mejores resultados posibles. Cont\u00e1ctenos hoy mismo para programar su consulta gratuita y obtener m\u00e1s informaci\u00f3n sobre c\u00f3mo podemos ayudarle.<\/p>","protected":false},"excerpt":{"rendered":"<p>When you\u2019re injured on the job, one of the biggest concerns is how much compensation you can expect to receive. In California, workers\u2019 compensation settlements can vary significantly depending on several factors. At Laguna Law Firm, we believe it\u2019s important for injured workers to have a clear understanding of what influences the value of their [&hellip;]<\/p>\n","protected":false},"author":2,"featured_media":0,"parent":807,"menu_order":0,"comment_status":"closed","ping_status":"closed","template":"","meta":{"footnotes":""},"class_list":["post-1254","page","type-page","status-publish","hentry"],"_links":{"self":[{"href":"https:\/\/www.lagunalawfirm.com\/es\/wp-json\/wp\/v2\/pages\/1254","targetHints":{"allow":["GET"]}}],"collection":[{"href":"https:\/\/www.lagunalawfirm.com\/es\/wp-json\/wp\/v2\/pages"}],"about":[{"href":"https:\/\/www.lagunalawfirm.com\/es\/wp-json\/wp\/v2\/types\/page"}],"author":[{"embeddable":true,"href":"https:\/\/www.lagunalawfirm.com\/es\/wp-json\/wp\/v2\/users\/2"}],"replies":[{"embeddable":true,"href":"https:\/\/www.lagunalawfirm.com\/es\/wp-json\/wp\/v2\/comments?post=1254"}],"version-history":[{"count":1,"href":"https:\/\/www.lagunalawfirm.com\/es\/wp-json\/wp\/v2\/pages\/1254\/revisions"}],"predecessor-version":[{"id":1255,"href":"https:\/\/www.lagunalawfirm.com\/es\/wp-json\/wp\/v2\/pages\/1254\/revisions\/1255"}],"up":[{"embeddable":true,"href":"https:\/\/www.lagunalawfirm.com\/es\/wp-json\/wp\/v2\/pages\/807"}],"wp:attachment":[{"href":"https:\/\/www.lagunalawfirm.com\/es\/wp-json\/wp\/v2\/media?parent=1254"}],"curies":[{"name":"wp","href":"https:\/\/api.w.org\/{rel}","templated":true}]}}