{"id":1262,"date":"2024-11-07T23:54:40","date_gmt":"2024-11-07T23:54:40","guid":{"rendered":"https:\/\/www.lagunalawfirm.com\/?page_id=1262"},"modified":"2026-03-26T03:17:21","modified_gmt":"2026-03-26T03:17:21","slug":"necesito-un-abogado-para-presentar-una-reclamacion-de-indemnizacion-laboral-en-california","status":"publish","type":"page","link":"https:\/\/www.lagunalawfirm.com\/es\/services\/workers-compensation\/do-i-need-a-lawyer-for-a-workers-comp-claim-in-california\/","title":{"rendered":"\u00bfNecesito un abogado para presentar una reclamaci\u00f3n de indemnizaci\u00f3n laboral en California?"},"content":{"rendered":"<p>Tras sufrir una lesi\u00f3n laboral, muchos trabajadores se preguntan si necesitan un abogado para tramitar su reclamaci\u00f3n de indemnizaci\u00f3n laboral. Aunque es posible presentar una reclamaci\u00f3n por cuenta propia, el proceso puede resultar complejo y estar plagado de posibles dificultades. Contratar a un abogado puede marcar una diferencia significativa en el resultado de su caso, garantizando que se protejan sus derechos y que reciba todas las prestaciones que le corresponden. En Laguna Law Firm, nos especializamos en ayudar a los trabajadores lesionados a navegar por el sistema de indemnizaci\u00f3n laboral de California. A continuaci\u00f3n, le explicamos por qu\u00e9 podr\u00eda necesitar un abogado para su reclamaci\u00f3n de indemnizaci\u00f3n laboral.<\/p>\n\n\n\n<p><strong>1. C\u00f3mo orientarse en el complejo sistema de indemnizaci\u00f3n por accidentes de trabajo<\/strong><\/p>\n\n\n\n<p>El sistema de indemnizaci\u00f3n laboral de California es complejo, con plazos estrictos, tr\u00e1mites detallados y requisitos espec\u00edficos que deben cumplirse. Un peque\u00f1o error o el incumplimiento de un plazo pueden provocar que su reclamaci\u00f3n sea denegada o se retrase. Un abogado especializado en derecho de indemnizaci\u00f3n laboral conoce las complejidades del sistema y puede guiarle a lo largo del proceso, asegur\u00e1ndose de que toda la documentaci\u00f3n necesaria se presente correctamente y a tiempo.<\/p>\n\n\n\n<p><strong>2. Aprovechar al m\u00e1ximo tus beneficios<\/strong><\/p>\n\n\n\n<p>Una de las principales razones para contratar a un abogado es maximizar las prestaciones que reciba. Las compa\u00f1\u00edas de seguros suelen intentar reducir al m\u00ednimo el monto que pagan en las reclamaciones de indemnizaci\u00f3n laboral. Un abogado con experiencia de Laguna Law Firm puede evaluar su caso, reunir las pruebas m\u00e9dicas necesarias y negociar con la compa\u00f1\u00eda de seguros para garantizar que reciba el m\u00e1ximo de prestaciones a las que tiene derecho. Esto incluye la indemnizaci\u00f3n por gastos m\u00e9dicos, salarios perdidos y cualquier discapacidad permanente.<\/p>\n\n\n\n<p><strong>3. Gesti\u00f3n de reclamaciones denegadas o impugnadas<\/strong><\/p>\n\n\n\n<p>Si te rechazan tu reclamaci\u00f3n de indemnizaci\u00f3n laboral, o si la compa\u00f1\u00eda de seguros cuestiona la gravedad de tu lesi\u00f3n o las prestaciones a las que tienes derecho, es fundamental contar con un abogado. En Laguna Law Firm, podemos ayudarte a presentar una apelaci\u00f3n ante la Junta de Apelaciones de Indemnizaci\u00f3n Laboral (WCAB), reunir pruebas adicionales y representarte en las audiencias para defender tus derechos. Nuestro objetivo es asegurarnos de que recibas la indemnizaci\u00f3n que te mereces, incluso si la compa\u00f1\u00eda de seguros rechaza inicialmente tu reclamaci\u00f3n.<\/p>\n\n\n\n<p><strong>4. Protecci\u00f3n contra las represalias<\/strong><\/p>\n\n\n\n<p>Desafortunadamente, algunos empleadores pueden tomar represalias contra los trabajadores que presentan reclamaciones de indemnizaci\u00f3n laboral. Esto puede incluir despidos injustificados, descensos de categor\u00eda o acoso. La ley de California proh\u00edbe este tipo de represalias, y si cree que est\u00e1 siendo tratado injustamente debido a su reclamaci\u00f3n, un abogado puede ayudarle a proteger sus derechos. En Laguna Law Firm, podemos emprender acciones legales contra los empleadores que tomen represalias, asegur\u00e1ndonos de que reciba un trato justo y de que se respeten sus derechos laborales.<\/p>\n\n\n\n<p><strong>5. Conocer todos tus derechos<\/strong><\/p>\n\n\n\n<p>Muchos trabajadores lesionados desconocen el alcance total de sus derechos seg\u00fan las leyes de indemnizaci\u00f3n laboral de California. Por ejemplo, es posible que tenga derecho a recibir rehabilitaci\u00f3n vocacional si no puede volver a su trabajo anterior debido a su lesi\u00f3n. Un abogado puede explicarle sus derechos, asesorarle sobre la mejor forma de proceder y ayudarle a obtener todas las prestaciones disponibles. En Laguna Law Firm, ofrecemos asesoramiento legal integral para asegurarnos de que comprenda sus derechos y opciones.<\/p>\n\n\n\n<p><strong>6. Reducir el estr\u00e9s y centrarse en la recuperaci\u00f3n<\/strong><\/p>\n\n\n\n<p>Hacer frente a una lesi\u00f3n laboral ya es lo suficientemente estresante como para tener que lidiar con el sistema legal por tu cuenta. Contratar a un abogado te permite centrarte en tu recuperaci\u00f3n mientras \u00e9l se encarga de los aspectos legales de tu caso. En Laguna Law Firm, nos hacemos cargo de las gestiones con la compa\u00f1\u00eda de seguros, la recopilaci\u00f3n de pruebas y la negociaci\u00f3n de acuerdos, para que puedas concentrarte en recuperarte y volver a tu vida cotidiana.<\/p>\n\n\n\n<p><strong>Conclusi\u00f3n<\/strong><\/p>\n\n\n\n<p>Aunque es posible tramitar una reclamaci\u00f3n de indemnizaci\u00f3n laboral por tu cuenta, contar con un abogado con experiencia puede aumentar considerablemente tus posibilidades de \u00e9xito. Un abogado puede ayudarle a navegar por el complejo sistema, maximizar sus beneficios, manejar disputas y proteger sus derechos. En Laguna Law Firm, nos dedicamos a ayudar a los trabajadores lesionados en California a recibir la indemnizaci\u00f3n que merecen. Si ha sufrido una lesi\u00f3n en el trabajo, cont\u00e1ctenos hoy mismo para una consulta gratuita en la que podamos analizar su caso y explicarle c\u00f3mo podemos ayudarle.<\/p>","protected":false},"excerpt":{"rendered":"<p>After a workplace injury, many workers wonder whether they need a lawyer to handle their workers\u2019 compensation claim. While it\u2019s possible to file a claim on your own, the process can be complex and fraught with potential pitfalls. Hiring a lawyer can make a significant difference in the outcome of your case, ensuring that your [&hellip;]<\/p>\n","protected":false},"author":2,"featured_media":0,"parent":807,"menu_order":0,"comment_status":"closed","ping_status":"closed","template":"","meta":{"footnotes":""},"class_list":["post-1262","page","type-page","status-publish","hentry"],"_links":{"self":[{"href":"https:\/\/www.lagunalawfirm.com\/es\/wp-json\/wp\/v2\/pages\/1262","targetHints":{"allow":["GET"]}}],"collection":[{"href":"https:\/\/www.lagunalawfirm.com\/es\/wp-json\/wp\/v2\/pages"}],"about":[{"href":"https:\/\/www.lagunalawfirm.com\/es\/wp-json\/wp\/v2\/types\/page"}],"author":[{"embeddable":true,"href":"https:\/\/www.lagunalawfirm.com\/es\/wp-json\/wp\/v2\/users\/2"}],"replies":[{"embeddable":true,"href":"https:\/\/www.lagunalawfirm.com\/es\/wp-json\/wp\/v2\/comments?post=1262"}],"version-history":[{"count":1,"href":"https:\/\/www.lagunalawfirm.com\/es\/wp-json\/wp\/v2\/pages\/1262\/revisions"}],"predecessor-version":[{"id":1263,"href":"https:\/\/www.lagunalawfirm.com\/es\/wp-json\/wp\/v2\/pages\/1262\/revisions\/1263"}],"up":[{"embeddable":true,"href":"https:\/\/www.lagunalawfirm.com\/es\/wp-json\/wp\/v2\/pages\/807"}],"wp:attachment":[{"href":"https:\/\/www.lagunalawfirm.com\/es\/wp-json\/wp\/v2\/media?parent=1262"}],"curies":[{"name":"wp","href":"https:\/\/api.w.org\/{rel}","templated":true}]}}