{"id":1264,"date":"2024-11-07T23:55:21","date_gmt":"2024-11-07T23:55:21","guid":{"rendered":"https:\/\/www.lagunalawfirm.com\/?page_id=1264"},"modified":"2026-03-26T03:17:12","modified_gmt":"2026-03-26T03:17:12","slug":"que-pasa-si-se-rechaza-la-indemnizacion-por-accidente-laboral-en-california","status":"publish","type":"page","link":"https:\/\/www.lagunalawfirm.com\/es\/services\/workers-compensation\/what-happens-if-workers-comp-is-denied-in-california\/","title":{"rendered":"\u00bfQu\u00e9 sucede si se rechaza la indemnizaci\u00f3n por accidente laboral en California?"},"content":{"rendered":"<p>Recibir una denegaci\u00f3n de tu solicitud de indemnizaci\u00f3n laboral puede ser incre\u00edblemente estresante, especialmente cuando est\u00e1s lidiando con una lesi\u00f3n en el trabajo y gastos m\u00e9dicos. Sin embargo, una solicitud denegada no es el final del camino. En California, tienes derecho a apelar la decisi\u00f3n y, con el apoyo legal adecuado, a\u00fan puedes obtener los beneficios a los que tienes derecho. En Laguna Law Firm, nos especializamos en ayudar a los trabajadores lesionados a navegar por el proceso de apelaci\u00f3n despu\u00e9s de que se deniega una solicitud de indemnizaci\u00f3n laboral. Esto es lo que necesita saber si su reclamaci\u00f3n ha sido denegada en California.<\/p>\n\n\n\n<p><strong>Motivos por los que se deniegan las reclamaciones de indemnizaci\u00f3n laboral<\/strong><\/p>\n\n\n\n<p>Las reclamaciones de indemnizaci\u00f3n laboral pueden ser denegadas por diversos motivos. Entender por qu\u00e9 se deneg\u00f3 su reclamaci\u00f3n es el primer paso para apelar la decisi\u00f3n. Entre los motivos m\u00e1s comunes para la denegaci\u00f3n se incluyen:<\/p>\n\n\n\n<ol start=\"1\" class=\"wp-block-list\">\n<li><strong>Presentaci\u00f3n tard\u00eda:<\/strong>\u00a0En California, debe informar a su empleador sobre su lesi\u00f3n laboral en un plazo de 30 d\u00edas. De no hacerlo, se le podr\u00edan denegar las prestaciones.<\/li>\n\n\n\n<li><strong>Falta de pruebas:<\/strong>\u00a0La compa\u00f1\u00eda de seguros podr\u00eda alegar que no hay pruebas suficientes para demostrar que tu lesi\u00f3n est\u00e1 relacionada con el trabajo. Esto suele ocurrir cuando falta documentaci\u00f3n m\u00e9dica o si nadie presenci\u00f3 la lesi\u00f3n.<\/li>\n\n\n\n<li><strong>Causa de la lesi\u00f3n objeto de controversia:<\/strong>\u00a0La compa\u00f1\u00eda de seguros podr\u00eda argumentar que tu lesi\u00f3n no se produjo en el trabajo o que fue causada por una afecci\u00f3n preexistente.<\/li>\n\n\n\n<li><strong>Fechas l\u00edmite incumplidas:<\/strong>\u00a0Si no presenta la documentaci\u00f3n necesaria a tiempo, esto tambi\u00e9n puede dar lugar a que se rechace su solicitud.<\/li>\n\n\n\n<li><strong>Desacuerdos m\u00e9dicos:<\/strong>\u00a0La compa\u00f1\u00eda de seguros puede cuestionar la gravedad de tu lesi\u00f3n o la necesidad de determinados tratamientos m\u00e9dicos bas\u00e1ndose en sus propias evaluaciones m\u00e9dicas.<\/li>\n<\/ol>\n\n\n\n<p><strong>Pasos a seguir tras una denegaci\u00f3n<\/strong><\/p>\n\n\n\n<p>Si te rechazan tu solicitud de indemnizaci\u00f3n por accidente laboral, es importante que act\u00faes con rapidez para proteger tus derechos. Estos son los pasos que debes seguir:<\/p>\n\n\n\n<ol start=\"1\" class=\"wp-block-list\">\n<li><strong>Revise la carta de denegaci\u00f3n:<\/strong>\u00a0Lee atentamente la carta de denegaci\u00f3n para comprender los motivos concretos de la denegaci\u00f3n. Esto os ayudar\u00e1 a ti y a tu abogado a decidir cu\u00e1l es la mejor forma de proceder.<\/li>\n\n\n\n<li><strong>P\u00f3ngase en contacto con un abogado:<\/strong>\u00a0Contratar a un abogado con experiencia en indemnizaciones por accidentes laborales, como los de Laguna Law Firm, es fundamental tras recibir una denegaci\u00f3n. Tu abogado puede evaluar tu caso, reunir pruebas adicionales y guiarte a lo largo del proceso de apelaci\u00f3n.<\/li>\n\n\n\n<li><strong>Solicitar una audiencia:<\/strong>\u00a0En California, puedes apelar una reclamaci\u00f3n de indemnizaci\u00f3n laboral denegada presentando una \u2019Solicitud de resoluci\u00f3n de la reclamaci\u00f3n\u2019 ante la Junta de Apelaciones de Indemnizaci\u00f3n Laboral (WCAB). Esto dar\u00e1 lugar a una audiencia en la que podr\u00e1s exponer tu caso.<\/li>\n\n\n\n<li><strong>Recopila pruebas adicionales:<\/strong>\u00a0Su abogado le ayudar\u00e1 a reunir cualquier prueba adicional que sea necesaria para respaldar su reclamaci\u00f3n. Esto podr\u00eda incluir expedientes m\u00e9dicos, declaraciones de testigos y testimonios de expertos.<\/li>\n\n\n\n<li><strong>Prep\u00e1rese para la audiencia:<\/strong>\u00a0Tu abogado te preparar\u00e1 para la audiencia, en la que presentar\u00e1s tu caso ante un juez de indemnizaci\u00f3n laboral. A continuaci\u00f3n, el juez decidir\u00e1 si revoca la denegaci\u00f3n y te concede las prestaciones.<\/li>\n<\/ol>\n\n\n\n<p><strong>C\u00f3mo puede ayudarle el bufete Laguna<\/strong><\/p>\n\n\n\n<p>En Laguna Law Firm, contamos con una amplia experiencia en la gesti\u00f3n de apelaciones de indemnizaciones por accidentes laborales en California. Entendemos la frustraci\u00f3n y el estr\u00e9s que conlleva el rechazo de una reclamaci\u00f3n, y nos comprometemos a luchar por sus derechos. Nuestro equipo investigar\u00e1 a fondo los motivos del rechazo, recopilar\u00e1 pruebas convincentes y le representar\u00e1 en todas las etapas del proceso de apelaci\u00f3n.<\/p>\n\n\n\n<p>Sabemos c\u00f3mo enfrentarnos a las compa\u00f1\u00edas de seguros y presentar un caso s\u00f3lido en su nombre. Ya sea que su reclamo haya sido rechazado por un problema de tr\u00e1mites, una controversia m\u00e9dica o cualquier otro motivo, contamos con la capacidad y la experiencia necesarias para ayudarle a obtener las prestaciones que se merece.<\/p>\n\n\n\n<p><strong>Conclusi\u00f3n<\/strong><\/p>\n\n\n\n<p>Que te denieguen una reclamaci\u00f3n de indemnizaci\u00f3n laboral en California no significa que tu camino para recibir prestaciones haya llegado a su fin. Con el apoyo legal adecuado, puedes apelar la decisi\u00f3n y luchar por la indemnizaci\u00f3n que necesitas para recuperarte de tu lesi\u00f3n laboral. En Laguna Law Firm, nos dedicamos a ayudar a los trabajadores lesionados a navegar por las complejidades del sistema de indemnizaci\u00f3n laboral y a lograr resultados favorables. Si su reclamaci\u00f3n ha sido denegada, cont\u00e1ctenos hoy mismo para una consulta gratuita en la que analizaremos su caso y le explicaremos c\u00f3mo podemos ayudarle a presentar una apelaci\u00f3n.<\/p>","protected":false},"excerpt":{"rendered":"<p>Receiving a denial for your workers\u2019 compensation claim can be incredibly stressful, especially when you\u2019re dealing with a workplace injury and medical bills. However, a denied claim is not the end of the road. In California, you have the right to appeal the decision, and with the right legal support, you can still secure the [&hellip;]<\/p>\n","protected":false},"author":2,"featured_media":0,"parent":807,"menu_order":0,"comment_status":"closed","ping_status":"closed","template":"","meta":{"footnotes":""},"class_list":["post-1264","page","type-page","status-publish","hentry"],"_links":{"self":[{"href":"https:\/\/www.lagunalawfirm.com\/es\/wp-json\/wp\/v2\/pages\/1264","targetHints":{"allow":["GET"]}}],"collection":[{"href":"https:\/\/www.lagunalawfirm.com\/es\/wp-json\/wp\/v2\/pages"}],"about":[{"href":"https:\/\/www.lagunalawfirm.com\/es\/wp-json\/wp\/v2\/types\/page"}],"author":[{"embeddable":true,"href":"https:\/\/www.lagunalawfirm.com\/es\/wp-json\/wp\/v2\/users\/2"}],"replies":[{"embeddable":true,"href":"https:\/\/www.lagunalawfirm.com\/es\/wp-json\/wp\/v2\/comments?post=1264"}],"version-history":[{"count":1,"href":"https:\/\/www.lagunalawfirm.com\/es\/wp-json\/wp\/v2\/pages\/1264\/revisions"}],"predecessor-version":[{"id":1266,"href":"https:\/\/www.lagunalawfirm.com\/es\/wp-json\/wp\/v2\/pages\/1264\/revisions\/1266"}],"up":[{"embeddable":true,"href":"https:\/\/www.lagunalawfirm.com\/es\/wp-json\/wp\/v2\/pages\/807"}],"wp:attachment":[{"href":"https:\/\/www.lagunalawfirm.com\/es\/wp-json\/wp\/v2\/media?parent=1264"}],"curies":[{"name":"wp","href":"https:\/\/api.w.org\/{rel}","templated":true}]}}