{"id":1267,"date":"2024-11-07T23:56:23","date_gmt":"2024-11-07T23:56:23","guid":{"rendered":"https:\/\/www.lagunalawfirm.com\/?page_id=1267"},"modified":"2026-03-26T03:17:02","modified_gmt":"2026-03-26T03:17:02","slug":"cuales-son-los-plazos-para-presentar-reclamaciones-de-indemnizacion-laboral-en-california","status":"publish","type":"page","link":"https:\/\/www.lagunalawfirm.com\/es\/services\/workers-compensation\/what-are-the-deadlines-for-workers-comp-claims-in-california\/","title":{"rendered":"\u00bfCu\u00e1les son los plazos para presentar reclamaciones de indemnizaci\u00f3n laboral en California?"},"content":{"rendered":"<p>Si ha sufrido una lesi\u00f3n en el trabajo, es fundamental que conozca los plazos para presentar una reclamaci\u00f3n de indemnizaci\u00f3n laboral en California. Si no respeta estos plazos, su reclamaci\u00f3n podr\u00eda ser denegada, lo que le dejar\u00eda sin las prestaciones que necesita para cubrir los gastos m\u00e9dicos y los salarios perdidos. En Laguna Law Firm, hacemos hincapi\u00e9 en la importancia de actuar con rapidez y de asegurarse de que se tomen todas las medidas necesarias dentro de los plazos establecidos. A continuaci\u00f3n, le ofrecemos una gu\u00eda completa sobre los plazos para las reclamaciones de indemnizaci\u00f3n laboral en California.<\/p>\n\n\n\n<p><strong>1. Notificar la lesi\u00f3n a tu empleador<\/strong><\/p>\n\n\n\n<p>El primer plazo clave en el proceso de indemnizaci\u00f3n laboral es notificar tu lesi\u00f3n a tu empleador. En California, debes notificar a tu empleador sobre tu lesi\u00f3n o enfermedad relacionada con el trabajo en un plazo de 30 d\u00edas a partir de la fecha en que ocurri\u00f3. Esta notificaci\u00f3n puede hacerse verbalmente o por escrito, pero a menudo es recomendable hacerlo por escrito para tener un registro de la notificaci\u00f3n.<\/p>\n\n\n\n<p>Si no se notifica la lesi\u00f3n dentro de este plazo de 30 d\u00edas, se puede poner en riesgo su derecho a recibir prestaciones por accidente laboral. Existen algunas excepciones a esta regla, como cuando la lesi\u00f3n se desarrolla con el tiempo (por ejemplo, lesiones por esfuerzo repetitivo) o cuando el trabajador no se da cuenta de la lesi\u00f3n inmediatamente despu\u00e9s de que se produzca. Sin embargo, siempre es mejor notificar cualquier lesi\u00f3n lo antes posible para evitar complicaciones.<\/p>\n\n\n\n<p><strong>2. Presentaci\u00f3n de la solicitud de indemnizaci\u00f3n por accidente laboral<\/strong><\/p>\n\n\n\n<p>Despu\u00e9s de informar sobre tu lesi\u00f3n, el siguiente paso es presentar una reclamaci\u00f3n de indemnizaci\u00f3n laboral. En California, debes presentar esta reclamaci\u00f3n en el plazo de un a\u00f1o a partir de la fecha de la lesi\u00f3n. Para ello, debes completar el Formulario de reclamaci\u00f3n de indemnizaci\u00f3n laboral (DWC-1) y entregarlo a tu empleador. A continuaci\u00f3n, tu empleador se encargar\u00e1 de remitir la reclamaci\u00f3n a su compa\u00f1\u00eda de seguros de indemnizaci\u00f3n laboral.<\/p>\n\n\n\n<p>El plazo de un a\u00f1o es estricto, y si no lo respetas, tu reclamaci\u00f3n podr\u00eda ser denegada. Existen algunas excepciones, como por ejemplo si tu empleador no te informa de tu derecho a presentar una reclamaci\u00f3n o si la lesi\u00f3n no se hizo evidente de inmediato. Sin embargo, estas excepciones son limitadas, y es fundamental que presentes tu reclamaci\u00f3n lo antes posible.<\/p>\n\n\n\n<p><strong>3. Asistencia m\u00e9dica y prestaciones por incapacidad temporal<\/strong><\/p>\n\n\n\n<p>Si su lesi\u00f3n le impide trabajar, es posible que tenga derecho a recibir prestaciones por incapacidad temporal. Estas prestaciones est\u00e1n pensadas para compensar una parte de los ingresos que haya dejado de percibir mientras se recupera. Para recibir estas prestaciones, debe presentar un certificado m\u00e9dico que confirme que no puede trabajar debido a su lesi\u00f3n.<\/p>\n\n\n\n<p>En California, las prestaciones por incapacidad temporal suelen comenzar despu\u00e9s de haber faltado tres d\u00edas al trabajo debido a una lesi\u00f3n. Es importante buscar atenci\u00f3n m\u00e9dica inmediatamente despu\u00e9s de la lesi\u00f3n y seguir al pie de la letra las recomendaciones del m\u00e9dico. Los retrasos en buscar tratamiento o las interrupciones en la atenci\u00f3n m\u00e9dica pueden complicar tu reclamaci\u00f3n y afectar tu derecho a recibir las prestaciones.<\/p>\n\n\n\n<p><strong>4. Recurso contra una reclamaci\u00f3n denegada<\/strong><\/p>\n\n\n\n<p>Si se rechaza su solicitud de indemnizaci\u00f3n laboral, tiene derecho a apelar la decisi\u00f3n. En California, debe presentar una apelaci\u00f3n ante la Junta de Apelaciones de Indemnizaci\u00f3n Laboral (WCAB) en el plazo de un a\u00f1o a partir de la recepci\u00f3n de la notificaci\u00f3n de denegaci\u00f3n. El proceso de apelaci\u00f3n consta de varios pasos, entre los que se incluyen la presentaci\u00f3n de una \u2019Solicitud de resoluci\u00f3n de la reclamaci\u00f3n\u2019 y la participaci\u00f3n en audiencias ante un juez de indemnizaci\u00f3n laboral.<\/p>\n\n\n\n<p>El proceso de apelaci\u00f3n puede ser complejo y llevar mucho tiempo, pero es un paso importante para garantizar que recibas las prestaciones que te corresponden si se rechaza tu solicitud inicial. En Laguna Law Firm, contamos con una amplia experiencia en la gesti\u00f3n de apelaciones de indemnizaci\u00f3n laboral y podemos guiarte en cada paso del proceso.<\/p>\n\n\n\n<p><strong>5. Plazo de prescripci\u00f3n para las enfermedades profesionales<\/strong><\/p>\n\n\n\n<p>En los casos en que la lesi\u00f3n o enfermedad se desarrolla con el tiempo, como en la exposici\u00f3n a sustancias t\u00f3xicas o las lesiones por esfuerzo repetitivo, los plazos para presentar una reclamaci\u00f3n pueden variar. En California, el plazo de prescripci\u00f3n para las enfermedades profesionales es de un a\u00f1o a partir de la fecha en que el trabajador supo, o debi\u00f3 haber sabido, que la afecci\u00f3n estaba relacionada con su empleo. A esto se le suele llamar la \u201cfecha de conocimiento\u201d.\u201d<\/p>\n\n\n\n<p>Es importante consultar con un abogado especializado en indemnizaci\u00f3n laboral para determinar los plazos espec\u00edficos que se aplican a su caso. En Laguna Law Firm, podemos ayudarle a comprender los plazos de prescripci\u00f3n de su reclamaci\u00f3n y asegurarnos de que se tomen todas las medidas necesarias dentro de los plazos establecidos.<\/p>\n\n\n\n<p><strong>Conclusi\u00f3n<\/strong><\/p>\n\n\n\n<p>Comprender y cumplir con los plazos para presentar una reclamaci\u00f3n de indemnizaci\u00f3n laboral en California es esencial para garantizar las prestaciones que necesita tras sufrir una lesi\u00f3n en el trabajo. No respetar estos plazos puede dar lugar a que se rechace su reclamaci\u00f3n, lo que le dejar\u00eda sin el apoyo financiero al que tiene derecho. En Laguna Law Firm, nos comprometemos a ayudar a los trabajadores lesionados a navegar por las complejidades del sistema de indemnizaci\u00f3n laboral y a garantizar que se cumplan todos los plazos necesarios. Si ha sufrido una lesi\u00f3n en el trabajo, cont\u00e1ctenos hoy mismo para una consulta gratuita en la que podamos analizar su caso y explicarle c\u00f3mo podemos ayudarle.<\/p>","protected":false},"excerpt":{"rendered":"<p>When you\u2019ve been injured on the job, understanding the deadlines associated with filing a workers\u2019 compensation claim in California is crucial. Missing these deadlines can result in the denial of your claim, leaving you without the benefits you need to cover medical expenses and lost wages. At Laguna Law Firm, we emphasize the importance of [&hellip;]<\/p>\n","protected":false},"author":2,"featured_media":0,"parent":807,"menu_order":0,"comment_status":"closed","ping_status":"closed","template":"","meta":{"footnotes":""},"class_list":["post-1267","page","type-page","status-publish","hentry"],"_links":{"self":[{"href":"https:\/\/www.lagunalawfirm.com\/es\/wp-json\/wp\/v2\/pages\/1267","targetHints":{"allow":["GET"]}}],"collection":[{"href":"https:\/\/www.lagunalawfirm.com\/es\/wp-json\/wp\/v2\/pages"}],"about":[{"href":"https:\/\/www.lagunalawfirm.com\/es\/wp-json\/wp\/v2\/types\/page"}],"author":[{"embeddable":true,"href":"https:\/\/www.lagunalawfirm.com\/es\/wp-json\/wp\/v2\/users\/2"}],"replies":[{"embeddable":true,"href":"https:\/\/www.lagunalawfirm.com\/es\/wp-json\/wp\/v2\/comments?post=1267"}],"version-history":[{"count":1,"href":"https:\/\/www.lagunalawfirm.com\/es\/wp-json\/wp\/v2\/pages\/1267\/revisions"}],"predecessor-version":[{"id":1268,"href":"https:\/\/www.lagunalawfirm.com\/es\/wp-json\/wp\/v2\/pages\/1267\/revisions\/1268"}],"up":[{"embeddable":true,"href":"https:\/\/www.lagunalawfirm.com\/es\/wp-json\/wp\/v2\/pages\/807"}],"wp:attachment":[{"href":"https:\/\/www.lagunalawfirm.com\/es\/wp-json\/wp\/v2\/media?parent=1267"}],"curies":[{"name":"wp","href":"https:\/\/api.w.org\/{rel}","templated":true}]}}