{"id":1269,"date":"2024-11-07T23:57:32","date_gmt":"2024-11-07T23:57:32","guid":{"rendered":"https:\/\/www.lagunalawfirm.com\/?page_id=1269"},"modified":"2026-03-26T03:16:44","modified_gmt":"2026-03-26T03:16:44","slug":"me-pueden-despedir-por-presentar-una-reclamacion-de-indemnizacion-laboral-en-california","status":"publish","type":"page","link":"https:\/\/www.lagunalawfirm.com\/es\/services\/workers-compensation\/can-i-be-fired-for-filing-a-workers-comp-claim-in-california\/","title":{"rendered":"\u00bfMe pueden despedir por presentar una reclamaci\u00f3n de indemnizaci\u00f3n laboral en California?"},"content":{"rendered":"<p>Una de las preocupaciones m\u00e1s comunes entre los trabajadores lesionados en California es si pueden ser despedidos por presentar una reclamaci\u00f3n de indemnizaci\u00f3n laboral. El temor a perder el empleo puede ser un importante factor disuasorio para los trabajadores que tienen derecho a recibir prestaciones tras sufrir una lesi\u00f3n en el lugar de trabajo. En Laguna Law Firm, queremos asegurarle que la legislaci\u00f3n de California ofrece s\u00f3lidas protecciones a los trabajadores que presentan reclamaciones de indemnizaci\u00f3n laboral. A continuaci\u00f3n, le explicamos lo que necesita saber sobre sus derechos y qu\u00e9 hacer si se enfrenta a represalias.<\/p>\n\n\n\n<p><strong>Medidas de protecci\u00f3n contra las represalias en California<\/strong><\/p>\n\n\n\n<p>Seg\u00fan la legislaci\u00f3n de California, es ilegal que un empleador tome represalias contra un empleado por presentar una reclamaci\u00f3n de indemnizaci\u00f3n laboral. Esta protecci\u00f3n se establece en el art\u00edculo 132a del C\u00f3digo Laboral de California, que proh\u00edbe expresamente a los empleadores despedir, amenazar con despedir, degradar o discriminar de cualquier otra forma a un empleado por haber presentado una reclamaci\u00f3n de indemnizaci\u00f3n laboral o por tener la intenci\u00f3n de hacerlo.<\/p>\n\n\n\n<p>Las represalias pueden adoptar muchas formas, entre ellas:<\/p>\n\n\n\n<ol start=\"1\" class=\"wp-block-list\">\n<li><strong>Despido improcedente:<\/strong>\u00a0Despedir a un empleado \u00fanicamente por haber presentado una reclamaci\u00f3n de indemnizaci\u00f3n laboral.<\/li>\n\n\n\n<li><strong>Descenso:<\/strong>\u00a0Reducir el puesto o las responsabilidades del empleado como castigo por presentar una reclamaci\u00f3n.<\/li>\n\n\n\n<li><strong>Acoso:<\/strong>\u00a0Crear un ambiente de trabajo hostil para presionar al empleado a que renuncie.<\/li>\n\n\n\n<li><strong>Reducci\u00f3n de la jornada laboral o del salario:<\/strong>\u00a0Reducir las horas de trabajo o el salario del empleado como forma de represalia.<\/li>\n<\/ol>\n\n\n\n<p>Estas acciones son ilegales, y los empleados que sufran represalias por presentar una reclamaci\u00f3n de indemnizaci\u00f3n laboral tienen derecho a emprender acciones legales contra su empleador.<\/p>\n\n\n\n<p><strong>Qu\u00e9 hacer si sufres represalias<\/strong><\/p>\n\n\n\n<p>Si cree que ha sido objeto de represalias por presentar una reclamaci\u00f3n de indemnizaci\u00f3n laboral, es importante que tome medidas para proteger sus derechos. Estos son los pasos que debe seguir:<\/p>\n\n\n\n<ol start=\"1\" class=\"wp-block-list\">\n<li><strong>Documenta las represalias:<\/strong>\u00a0Lleve un registro detallado de cualquier medida de represalia que tome su empleador, incluyendo fechas, horas e incidentes concretos. Esta documentaci\u00f3n ser\u00e1 fundamental si decide presentar una demanda contra su empleador.<\/li>\n\n\n\n<li><strong>Denuncia la represalia:<\/strong>\u00a0Informa al departamento de recursos humanos de tu empresa o a un superior sobre las represalias. En ocasiones, las represalias pueden deberse a un malentendido que se puede resolver internamente.<\/li>\n\n\n\n<li><strong>Consulte a un abogado:<\/strong>\u00a0Si las represalias contin\u00faan o si te despiden injustamente, es importante que consultes con un abogado con experiencia en indemnizaciones por accidentes laborales. En Laguna Law Firm, podemos ayudarte a conocer tus derechos, reunir pruebas y presentar una demanda contra tu empleador.<\/li>\n\n\n\n<li><strong>Presentar una denuncia por represalias:<\/strong>\u00a0Seg\u00fan la legislaci\u00f3n de California, puedes presentar una denuncia por represalias ante la Divisi\u00f3n de Compensaci\u00f3n Laboral (DWC). Tambi\u00e9n es posible que tengas la opci\u00f3n de entablar una demanda civil contra tu empleador por despido improcedente o discriminaci\u00f3n.<\/li>\n<\/ol>\n\n\n\n<p><strong>Posibles medidas correctivas ante las represalias<\/strong><\/p>\n\n\n\n<p>Si se determina que su empleador ha tomado represalias contra usted por presentar una reclamaci\u00f3n de indemnizaci\u00f3n laboral, es posible que tenga derecho a varias medidas de reparaci\u00f3n, entre ellas:<\/p>\n\n\n\n<ol start=\"1\" class=\"wp-block-list\">\n<li><strong>Reincorporaci\u00f3n:<\/strong>\u00a0Si te despidieron injustamente, es posible que tengas derecho a que te reincorporen a tu puesto anterior.<\/li>\n\n\n\n<li><strong>Pagos atrasados:<\/strong>\u00a0Es posible que se le conceda el pago retroactivo de los salarios que perdi\u00f3 como consecuencia de la represalia.<\/li>\n\n\n\n<li><strong>Remuneraci\u00f3n adicional:<\/strong>\u00a0En algunos casos, es posible que tenga derecho a una indemnizaci\u00f3n adicional por da\u00f1os morales o da\u00f1os punitivos.<\/li>\n\n\n\n<li><strong>Honorarios de abogados:<\/strong>\u00a0Si ganas tu demanda por represalias, es posible que tu empleador tenga que pagar los honorarios de tus abogados.<\/li>\n<\/ol>\n\n\n\n<p>En el bufete Laguna Law Firm, nos dedicamos a proteger los derechos de los trabajadores lesionados y a garantizar que no sean objeto de represalias ilegales. Contamos con una amplia experiencia en la gesti\u00f3n de demandas por represalias y podemos ayudarle a obtener la indemnizaci\u00f3n que se merece.<\/p>\n\n\n\n<p><strong>Conclusi\u00f3n<\/strong><\/p>\n\n\n\n<p>En California, no se le puede despedir legalmente ni tomar represalias contra usted por presentar una reclamaci\u00f3n de indemnizaci\u00f3n laboral. La ley ofrece s\u00f3lidas protecciones a los trabajadores lesionados, y cualquier empleador que viole estas protecciones puede ser considerado responsable. Si cree que ha sido objeto de represalias por presentar una reclamaci\u00f3n de indemnizaci\u00f3n laboral, es importante que tome medidas para proteger sus derechos. En Laguna Law Firm, nos comprometemos a ayudar a los trabajadores lesionados a defenderse contra las represalias ilegales y a obtener la indemnizaci\u00f3n que se merecen. Cont\u00e1ctenos hoy mismo para una consulta gratuita en la que podamos analizar su caso y explicarle c\u00f3mo podemos ayudarle.<\/p>","protected":false},"excerpt":{"rendered":"<p>One of the most common concerns among injured workers in California is whether they can be fired for filing a workers\u2019 compensation claim. The fear of losing one\u2019s job can be a significant deterrent for workers who are entitled to benefits after a workplace injury. At Laguna Law Firm, we want to reassure you that [&hellip;]<\/p>\n","protected":false},"author":2,"featured_media":0,"parent":807,"menu_order":0,"comment_status":"closed","ping_status":"closed","template":"","meta":{"footnotes":""},"class_list":["post-1269","page","type-page","status-publish","hentry"],"_links":{"self":[{"href":"https:\/\/www.lagunalawfirm.com\/es\/wp-json\/wp\/v2\/pages\/1269","targetHints":{"allow":["GET"]}}],"collection":[{"href":"https:\/\/www.lagunalawfirm.com\/es\/wp-json\/wp\/v2\/pages"}],"about":[{"href":"https:\/\/www.lagunalawfirm.com\/es\/wp-json\/wp\/v2\/types\/page"}],"author":[{"embeddable":true,"href":"https:\/\/www.lagunalawfirm.com\/es\/wp-json\/wp\/v2\/users\/2"}],"replies":[{"embeddable":true,"href":"https:\/\/www.lagunalawfirm.com\/es\/wp-json\/wp\/v2\/comments?post=1269"}],"version-history":[{"count":1,"href":"https:\/\/www.lagunalawfirm.com\/es\/wp-json\/wp\/v2\/pages\/1269\/revisions"}],"predecessor-version":[{"id":1270,"href":"https:\/\/www.lagunalawfirm.com\/es\/wp-json\/wp\/v2\/pages\/1269\/revisions\/1270"}],"up":[{"embeddable":true,"href":"https:\/\/www.lagunalawfirm.com\/es\/wp-json\/wp\/v2\/pages\/807"}],"wp:attachment":[{"href":"https:\/\/www.lagunalawfirm.com\/es\/wp-json\/wp\/v2\/media?parent=1269"}],"curies":[{"name":"wp","href":"https:\/\/api.w.org\/{rel}","templated":true}]}}