{"id":1271,"date":"2024-11-07T23:58:23","date_gmt":"2024-11-07T23:58:23","guid":{"rendered":"https:\/\/www.lagunalawfirm.com\/?page_id=1271"},"modified":"2026-03-26T03:16:37","modified_gmt":"2026-03-26T03:16:37","slug":"como-funciona-el-seguro-de-accidentes-laborales-en-california","status":"publish","type":"page","link":"https:\/\/www.lagunalawfirm.com\/es\/services\/workers-compensation\/how-does-workers-comp-work-in-california\/","title":{"rendered":"\u00bfC\u00f3mo funciona el seguro de accidentes laborales en California?"},"content":{"rendered":"<p>La indemnizaci\u00f3n por accidentes de trabajo es un sistema fundamental que brinda apoyo financiero y prestaciones m\u00e9dicas a los empleados que sufren lesiones o enfermedades como consecuencia de su trabajo. En California, la indemnizaci\u00f3n laboral es un sistema sin culpa, lo que significa que los trabajadores lesionados tienen derecho a recibir prestaciones independientemente de qui\u00e9n haya sido el responsable de la lesi\u00f3n. Comprender c\u00f3mo funciona la indemnizaci\u00f3n laboral en California es esencial para cualquier empleado que haya sufrido una lesi\u00f3n en el trabajo. En Laguna Law Firm, estamos aqu\u00ed para guiarlo a trav\u00e9s del proceso y asegurarnos de que reciba las prestaciones a las que tiene derecho.<\/p>\n\n\n\n<p><strong>Requisitos para recibir la indemnizaci\u00f3n por accidente laboral<\/strong><\/p>\n\n\n\n<p>En California, la mayor\u00eda de los empleados est\u00e1n cubiertos por un seguro de compensaci\u00f3n laboral, que es obligatorio por ley para todos los empleadores. Este seguro ofrece prestaciones a los trabajadores que sufren lesiones o enfermedades relacionadas con el trabajo, independientemente de qui\u00e9n tenga la culpa. Entre los tipos m\u00e1s comunes de lesiones cubiertas por la compensaci\u00f3n laboral se incluyen:<\/p>\n\n\n\n<ul class=\"wp-block-list\">\n<li><strong>Lesiones f\u00edsicas:<\/strong>\u00a0Como fracturas, esguinces, distensiones y laceraciones.<\/li>\n\n\n\n<li><strong>Lesiones por esfuerzo repetitivo:<\/strong>\u00a0Como el s\u00edndrome del t\u00fanel carpiano o la tendinitis.<\/li>\n\n\n\n<li><strong>Enfermedades profesionales:<\/strong>\u00a0Como, por ejemplo, afecciones respiratorias o enfermedades de la piel causadas por la exposici\u00f3n a sustancias peligrosas.<\/li>\n\n\n\n<li><strong>Lesiones psicol\u00f3gicas:<\/strong>\u00a0Como, por ejemplo, los trastornos relacionados con el estr\u00e9s provocados por un ambiente laboral hostil.<\/li>\n<\/ul>\n\n\n\n<p>Para tener derecho a las prestaciones de indemnizaci\u00f3n laboral, la lesi\u00f3n o enfermedad debe haberse producido en el curso del empleo. Esto significa que debe estar directamente relacionada con las funciones del puesto de trabajo del empleado o con su entorno laboral.<\/p>\n\n\n\n<p><strong>Tipos de prestaciones de indemnizaci\u00f3n laboral<\/strong><\/p>\n\n\n\n<p>El seguro de accidentes de trabajo en California ofrece varios tipos de prestaciones a los trabajadores lesionados:<\/p>\n\n\n\n<ol start=\"1\" class=\"wp-block-list\">\n<li><strong>Tratamiento m\u00e9dico:<\/strong>\u00a0El seguro de accidentes de trabajo cubre todo el tratamiento m\u00e9dico necesario relacionado con la lesi\u00f3n laboral, incluyendo consultas m\u00e9dicas, cirug\u00edas, medicamentos, fisioterapia y hospitalizaci\u00f3n. El objetivo es ayudar al trabajador lesionado a recuperarse y volver al trabajo lo antes posible.<\/li>\n\n\n\n<li><strong>Prestaciones por incapacidad temporal:<\/strong>\u00a0Si la lesi\u00f3n impide al trabajador desempe\u00f1ar su trabajo, se le conceden prestaciones por incapacidad temporal para compensar una parte de los salarios perdidos. Estas prestaciones suelen equivaler a dos tercios de los ingresos semanales promedio del trabajador, hasta un monto m\u00e1ximo establecido por ley.<\/li>\n\n\n\n<li><strong>Prestaciones por incapacidad permanente:<\/strong>\u00a0Si la lesi\u00f3n da lugar a una discapacidad permanente que afecta la capacidad del trabajador para ganarse la vida, se le pueden otorgar prestaciones por discapacidad permanente. El monto depende de la gravedad de la discapacidad, la edad del trabajador, su ocupaci\u00f3n y otros factores.<\/li>\n\n\n\n<li><strong>Prestaciones complementarias por p\u00e9rdida del empleo:<\/strong>\u00a0Si el trabajador no puede reincorporarse a su puesto de trabajo anterior debido a la lesi\u00f3n, puede tener derecho a un vale para recibir formaci\u00f3n o educaci\u00f3n que le ayude a encontrar un nuevo empleo.<\/li>\n\n\n\n<li><strong>Beneficios por fallecimiento<\/strong>\u00a0Si un trabajador fallece como consecuencia de una lesi\u00f3n o enfermedad relacionada con el trabajo, sus familiares a cargo pueden tener derecho a prestaciones por fallecimiento, que incluyen el pago de los gastos funerarios y una ayuda econ\u00f3mica continua.<\/li>\n<\/ol>\n\n\n\n<p><strong>El proceso de reclamaci\u00f3n de indemnizaci\u00f3n laboral<\/strong><\/p>\n\n\n\n<p>Para presentar una reclamaci\u00f3n de indemnizaci\u00f3n laboral en California hay que seguir varios pasos clave:<\/p>\n\n\n\n<ol start=\"1\" class=\"wp-block-list\">\n<li><strong>Notificar la lesi\u00f3n:<\/strong>\u00a0El primer paso es informar a tu empleador sobre la lesi\u00f3n o enfermedad lo antes posible. En California, debes informar de la lesi\u00f3n en un plazo de 30 d\u00edas desde que se produjo. Si no informas de la lesi\u00f3n dentro de este plazo, se te podr\u00edan denegar las prestaciones.<\/li>\n\n\n\n<li><strong>Formulario para presentar una reclamaci\u00f3n:<\/strong>\u00a0Tu empleador debe proporcionarte un formulario de reclamaci\u00f3n de indemnizaci\u00f3n laboral (DWC-1). Completa la secci\u00f3n del empleado del formulario y entr\u00e9gaselo a tu empleador, quien a su vez lo remitir\u00e1 a su compa\u00f1\u00eda de seguros. La presentaci\u00f3n de este formulario da inicio oficialmente al proceso de reclamaci\u00f3n.<\/li>\n\n\n\n<li><strong>Evaluaci\u00f3n M\u00e9dica:<\/strong>\u00a0Es posible que se le pida que se someta a una evaluaci\u00f3n m\u00e9dica realizada por un m\u00e9dico designado por la compa\u00f1\u00eda de seguros de su empleador. Esta evaluaci\u00f3n ayudar\u00e1 a determinar la gravedad de sus lesiones y su derecho a recibir prestaciones.<\/li>\n\n\n\n<li><strong>Revisi\u00f3n de reclamaciones:<\/strong>\u00a0La compa\u00f1\u00eda de seguros revisar\u00e1 su reclamaci\u00f3n y decidir\u00e1 si la acepta o la rechaza. Si se acepta su reclamaci\u00f3n, deber\u00eda empezar a recibir las prestaciones. Si se rechaza, tiene derecho a apelar la decisi\u00f3n.<\/li>\n\n\n\n<li><strong>Proceso de apelaci\u00f3n:<\/strong>\u00a0Si se rechaza su reclamaci\u00f3n, puede presentar una apelaci\u00f3n ante la Junta de Apelaciones de Indemnizaci\u00f3n Laboral (WCAB). Esto implica una audiencia ante un juez de indemnizaci\u00f3n laboral, en la que podr\u00e1 presentar pruebas y defender su caso.<\/li>\n<\/ol>\n\n\n\n<p><strong>C\u00f3mo puede ayudarle el bufete Laguna<\/strong><\/p>\n\n\n\n<p>Navegar por el sistema de indemnizaci\u00f3n laboral en California puede resultar complicado, especialmente cuando se trata de una lesi\u00f3n grave. En Laguna Law Firm, contamos con una amplia experiencia ayudando a los trabajadores lesionados a obtener las prestaciones que se merecen. Podemos guiarlo en cada paso del proceso, desde la presentaci\u00f3n de la reclamaci\u00f3n inicial hasta la gesti\u00f3n de disputas y apelaciones. Nuestro objetivo es asegurarnos de que reciba todas las prestaciones a las que tiene derecho, para que pueda centrarse en su recuperaci\u00f3n.<\/p>\n\n\n\n<p><strong>Conclusi\u00f3n<\/strong><\/p>\n\n\n\n<p>La indemnizaci\u00f3n por accidente laboral en California est\u00e1 dise\u00f1ada para brindar apoyo financiero y m\u00e9dico a los trabajadores que sufren lesiones o enfermedades como consecuencia de su trabajo. Comprender c\u00f3mo funciona el sistema es fundamental para cualquier empleado que se encuentre en esta situaci\u00f3n. En Laguna Law Firm, nos comprometemos a ayudar a los trabajadores lesionados a navegar por las complejidades del sistema de indemnizaci\u00f3n por accidente laboral y a obtener las prestaciones que necesitan. Si ha sufrido una lesi\u00f3n en el trabajo, cont\u00e1ctenos hoy mismo para una consulta gratuita en la que podamos analizar su caso y explicarle c\u00f3mo podemos ayudarle.<\/p>","protected":false},"excerpt":{"rendered":"<p>Workers\u2019 compensation is a critical system that provides financial support and medical benefits to employees who are injured or become ill as a result of their job. In California, workers\u2019 compensation is a no-fault system, meaning that injured workers are entitled to benefits regardless of who was at fault for the injury. Understanding how workers\u2019 [&hellip;]<\/p>\n","protected":false},"author":2,"featured_media":0,"parent":807,"menu_order":0,"comment_status":"closed","ping_status":"closed","template":"","meta":{"footnotes":""},"class_list":["post-1271","page","type-page","status-publish","hentry"],"_links":{"self":[{"href":"https:\/\/www.lagunalawfirm.com\/es\/wp-json\/wp\/v2\/pages\/1271","targetHints":{"allow":["GET"]}}],"collection":[{"href":"https:\/\/www.lagunalawfirm.com\/es\/wp-json\/wp\/v2\/pages"}],"about":[{"href":"https:\/\/www.lagunalawfirm.com\/es\/wp-json\/wp\/v2\/types\/page"}],"author":[{"embeddable":true,"href":"https:\/\/www.lagunalawfirm.com\/es\/wp-json\/wp\/v2\/users\/2"}],"replies":[{"embeddable":true,"href":"https:\/\/www.lagunalawfirm.com\/es\/wp-json\/wp\/v2\/comments?post=1271"}],"version-history":[{"count":1,"href":"https:\/\/www.lagunalawfirm.com\/es\/wp-json\/wp\/v2\/pages\/1271\/revisions"}],"predecessor-version":[{"id":1272,"href":"https:\/\/www.lagunalawfirm.com\/es\/wp-json\/wp\/v2\/pages\/1271\/revisions\/1272"}],"up":[{"embeddable":true,"href":"https:\/\/www.lagunalawfirm.com\/es\/wp-json\/wp\/v2\/pages\/807"}],"wp:attachment":[{"href":"https:\/\/www.lagunalawfirm.com\/es\/wp-json\/wp\/v2\/media?parent=1271"}],"curies":[{"name":"wp","href":"https:\/\/api.w.org\/{rel}","templated":true}]}}