{"id":1273,"date":"2024-11-07T23:59:03","date_gmt":"2024-11-07T23:59:03","guid":{"rendered":"https:\/\/www.lagunalawfirm.com\/?page_id=1273"},"modified":"2026-03-26T03:16:30","modified_gmt":"2026-03-26T03:16:30","slug":"que-lesiones-dan-derecho-a-la-indemnizacion-por-accidente-laboral-en-california","status":"publish","type":"page","link":"https:\/\/www.lagunalawfirm.com\/es\/services\/workers-compensation\/what-injuries-qualify-for-workers-compensation-in-california\/","title":{"rendered":"\u00bfQu\u00e9 lesiones dan derecho a la indemnizaci\u00f3n por accidente laboral en California?"},"content":{"rendered":"<p>La indemnizaci\u00f3n por accidentes de trabajo en California est\u00e1 dise\u00f1ada para proporcionar prestaciones a los empleados que sufren lesiones o enfermedades relacionadas con el trabajo. Sin embargo, no todas las lesiones dan derecho autom\u00e1ticamente a las prestaciones de indemnizaci\u00f3n por accidentes de trabajo. Comprender qu\u00e9 tipos de lesiones est\u00e1n cubiertas por el sistema de indemnizaci\u00f3n por accidentes de trabajo de California es esencial para cualquier trabajador que haya sufrido una lesi\u00f3n en el trabajo. En Laguna Law Firm, ayudamos a los trabajadores lesionados a determinar su derecho a recibir prestaciones y los guiamos a lo largo del proceso de reclamaci\u00f3n. Esto es lo que necesita saber sobre los tipos de lesiones que califican para la indemnizaci\u00f3n laboral en California.<\/p>\n\n\n\n<p><strong>Lesiones f\u00edsicas<\/strong><\/p>\n\n\n\n<p>Las lesiones f\u00edsicas son el tipo m\u00e1s com\u00fan de lesi\u00f3n laboral y, por lo general, est\u00e1n cubiertas por el seguro de accidentes de trabajo. Estas lesiones pueden producirse como consecuencia de accidentes, como resbalones y ca\u00eddas, o por movimientos repetitivos que provocan una sobrecarga con el tiempo. Entre las lesiones f\u00edsicas comunes que dan derecho a la indemnizaci\u00f3n por accidente de trabajo se incluyen:<\/p>\n\n\n\n<ol start=\"1\" class=\"wp-block-list\">\n<li><strong>Fracturas y huesos rotos:<\/strong>\u00a0Las lesiones que implican roturas \u00f3seas, como fracturas en los brazos, las piernas, las costillas o el cr\u00e1neo, suelen estar cubiertas por el seguro de accidentes de trabajo.<\/li>\n\n\n\n<li><strong>Esguinces y distensiones:<\/strong>\u00a0Los esguinces (lesiones en los ligamentos) y las distensiones (lesiones en los m\u00fasculos o tendones) son lesiones laborales frecuentes, especialmente en trabajos que implican esfuerzo f\u00edsico o movimientos repetitivos.<\/li>\n\n\n\n<li><strong>Lesiones de espalda y cuello:<\/strong>\u00a0Las lesiones de espalda y cuello, incluidas las hernias discales y las lesiones de la m\u00e9dula espinal, suelen estar causadas por levantar objetos pesados, ca\u00eddas o accidentes automovil\u00edsticos en el trabajo.<\/li>\n\n\n\n<li><strong>Cortes y laceraciones:<\/strong>\u00a0Los cortes profundos o las laceraciones que requieran atenci\u00f3n m\u00e9dica tambi\u00e9n est\u00e1n cubiertos por el seguro de accidentes de trabajo, especialmente si se producen como consecuencia del uso de maquinaria o herramientas afiladas.<\/li>\n\n\n\n<li><strong>Quemaduras:<\/strong>\u00a0Los trabajadores que sufran quemaduras a causa de incendios, productos qu\u00edmicos o superficies calientes en el trabajo tienen derecho a recibir prestaciones por accidente laboral.<\/li>\n<\/ol>\n\n\n\n<p><strong>Lesiones por esfuerzo repetitivo<\/strong><\/p>\n\n\n\n<p>Las lesiones por esfuerzo repetitivo (LER) son lesiones que se desarrollan con el tiempo debido a movimientos repetitivos o al uso excesivo de ciertas partes del cuerpo. Estas lesiones son comunes en trabajos que requieren escribir constantemente, levantar peso u otras tareas repetitivas. Entre las lesiones por esfuerzo repetitivo m\u00e1s comunes que dan derecho a la indemnizaci\u00f3n por accidente laboral se incluyen:<\/p>\n\n\n\n<ol start=\"1\" class=\"wp-block-list\">\n<li><strong>S\u00edndrome del t\u00fanel carpiano:<\/strong>\u00a0Esta afecci\u00f3n afecta a las mu\u00f1ecas y las manos, y provoca dolor, entumecimiento y debilidad. A menudo se debe a la escritura repetitiva en el teclado o al uso de herramientas que vibran.<\/li>\n\n\n\n<li><strong>Tendinitis:<\/strong>\u00a0La tendinitis es la inflamaci\u00f3n de un tend\u00f3n, que suele afectar a los hombros, los codos o las rodillas. Puede deberse a movimientos repetitivos o al uso excesivo de una articulaci\u00f3n concreta.<\/li>\n\n\n\n<li><strong>Bursitis:<\/strong>\u00a0La bursitis es la inflamaci\u00f3n de las bursas, unas peque\u00f1as bolsas de l\u00edquido que amortiguan los huesos, los tendones y los m\u00fasculos. Puede estar causada por movimientos repetitivos o por una presi\u00f3n prolongada sobre una articulaci\u00f3n.<\/li>\n<\/ol>\n\n\n\n<p>Las lesiones por esfuerzo repetitivo pueden ser m\u00e1s dif\u00edciles de demostrar en una reclamaci\u00f3n de indemnizaci\u00f3n laboral, ya que se desarrollan de forma gradual y no a ra\u00edz de un \u00fanico incidente. Sin embargo, con la documentaci\u00f3n m\u00e9dica adecuada, estas lesiones dan derecho a recibir prestaciones de indemnizaci\u00f3n laboral.<\/p>\n\n\n\n<p><strong>Enfermedades profesionales<\/strong><\/p>\n\n\n\n<p>Las enfermedades profesionales son afecciones que se desarrollan como consecuencia de la exposici\u00f3n a sustancias o entornos peligrosos en el lugar de trabajo. Entre estas enfermedades se pueden incluir:<\/p>\n\n\n\n<ol start=\"1\" class=\"wp-block-list\">\n<li><strong>Afecciones respiratorias:<\/strong>\u00a0Los trabajadores expuestos al polvo, los gases, los productos qu\u00edmicos u otras sustancias peligrosas pueden desarrollar afecciones respiratorias como el asma, la enfermedad pulmonar obstructiva cr\u00f3nica (EPOC) o la asbestosis.<\/li>\n\n\n\n<li><strong>Afecciones cut\u00e1neas:<\/strong>\u00a0La exposici\u00f3n prolongada a sustancias qu\u00edmicas, disolventes u otros irritantes puede provocar afecciones cut\u00e1neas como dermatitis, erupciones o quemaduras qu\u00edmicas.<\/li>\n\n\n\n<li><strong>P\u00e9rdida auditiva:<\/strong>\u00a0Los trabajadores expuestos a ruidos fuertes durante un per\u00edodo prolongado pueden sufrir p\u00e9rdida auditiva laboral, que puede estar cubierta por el seguro de accidentes de trabajo.<\/li>\n\n\n\n<li><strong>Exposici\u00f3n a sustancias t\u00f3xicas:<\/strong>\u00a0Los trabajadores expuestos a sustancias t\u00f3xicas como el amianto, el plomo o los pesticidas pueden desarrollar enfermedades graves, como c\u00e1ncer, trastornos neurol\u00f3gicos o da\u00f1os en los \u00f3rganos.<\/li>\n<\/ol>\n\n\n\n<p>Las enfermedades profesionales pueden tardar a\u00f1os en desarrollarse, y puede resultar complicado demostrar que la afecci\u00f3n est\u00e1 relacionada con el trabajo. Sin embargo, con la ayuda de un abogado con experiencia en indemnizaciones laborales, como los de Laguna Law Firm, podr\u00e1 reunir las pruebas necesarias para respaldar su reclamaci\u00f3n.<\/p>\n\n\n\n<p><strong>Lesiones psicol\u00f3gicas<\/strong><\/p>\n\n\n\n<p>Adem\u00e1s de las lesiones f\u00edsicas y las enfermedades, el seguro de accidentes de trabajo en California tambi\u00e9n cubre las lesiones psicol\u00f3gicas derivadas del estr\u00e9s o los traumas relacionados con el trabajo. Estas lesiones pueden incluir:<\/p>\n\n\n\n<ol start=\"1\" class=\"wp-block-list\">\n<li><strong>Trastorno por estr\u00e9s postraum\u00e1tico (TEPT):<\/strong>\u00a0Los trabajadores que sufren sucesos traum\u00e1ticos en el trabajo, como agresiones violentas o accidentes graves, pueden desarrollar un trastorno de estr\u00e9s postraum\u00e1tico.<\/li>\n\n\n\n<li><strong>Ansiedad y depresi\u00f3n:<\/strong>\u00a0El estr\u00e9s cr\u00f3nico, el acoso o un ambiente de trabajo hostil pueden provocar ansiedad, depresi\u00f3n u otros trastornos de salud mental que dan derecho a una indemnizaci\u00f3n por accidente laboral.<\/li>\n\n\n\n<li><strong>Sufrimiento emocional:<\/strong>\u00a0Los trabajadores que sufran trastornos emocionales debido a incidentes o condiciones relacionados con el trabajo pueden tener derecho a una indemnizaci\u00f3n.<\/li>\n<\/ol>\n\n\n\n<p>Demostrar que se ha sufrido un da\u00f1o psicol\u00f3gico puede resultar complejo y, a menudo, requiere evaluaciones m\u00e9dicas y psicol\u00f3gicas detalladas. En Laguna Law Firm, contamos con experiencia en la gesti\u00f3n de reclamaciones relacionadas con da\u00f1os psicol\u00f3gicos y podemos ayudarte a navegar por el proceso.<\/p>\n\n\n\n<p><strong>Conclusi\u00f3n<\/strong><\/p>\n\n\n\n<p>La indemnizaci\u00f3n por accidente laboral en California cubre una amplia gama de lesiones y enfermedades que se producen como consecuencia del trabajo. Ya sea que haya sufrido una lesi\u00f3n f\u00edsica, una lesi\u00f3n por esfuerzo repetitivo, una enfermedad profesional o una lesi\u00f3n psicol\u00f3gica, es posible que tenga derecho a recibir prestaciones de indemnizaci\u00f3n por accidente laboral. En Laguna Law Firm, nos dedicamos a ayudar a los trabajadores lesionados a determinar su elegibilidad para recibir prestaciones y a conseguir la indemnizaci\u00f3n que necesitan para recuperarse. Si ha sufrido una lesi\u00f3n en el trabajo, cont\u00e1ctenos hoy mismo para una consulta gratuita en la que podamos analizar su caso y explicarle c\u00f3mo podemos ayudarle.<\/p>","protected":false},"excerpt":{"rendered":"<p>Workers\u2019 compensation in California is designed to provide benefits to employees who suffer work-related injuries or illnesses. However, not all injuries automatically qualify for workers\u2019 compensation benefits. Understanding which types of injuries are covered under California\u2019s workers\u2019 compensation system is essential for any worker who has been injured on the job. At Laguna Law Firm, [&hellip;]<\/p>\n","protected":false},"author":2,"featured_media":0,"parent":807,"menu_order":0,"comment_status":"closed","ping_status":"closed","template":"","meta":{"footnotes":""},"class_list":["post-1273","page","type-page","status-publish","hentry"],"_links":{"self":[{"href":"https:\/\/www.lagunalawfirm.com\/es\/wp-json\/wp\/v2\/pages\/1273","targetHints":{"allow":["GET"]}}],"collection":[{"href":"https:\/\/www.lagunalawfirm.com\/es\/wp-json\/wp\/v2\/pages"}],"about":[{"href":"https:\/\/www.lagunalawfirm.com\/es\/wp-json\/wp\/v2\/types\/page"}],"author":[{"embeddable":true,"href":"https:\/\/www.lagunalawfirm.com\/es\/wp-json\/wp\/v2\/users\/2"}],"replies":[{"embeddable":true,"href":"https:\/\/www.lagunalawfirm.com\/es\/wp-json\/wp\/v2\/comments?post=1273"}],"version-history":[{"count":1,"href":"https:\/\/www.lagunalawfirm.com\/es\/wp-json\/wp\/v2\/pages\/1273\/revisions"}],"predecessor-version":[{"id":1274,"href":"https:\/\/www.lagunalawfirm.com\/es\/wp-json\/wp\/v2\/pages\/1273\/revisions\/1274"}],"up":[{"embeddable":true,"href":"https:\/\/www.lagunalawfirm.com\/es\/wp-json\/wp\/v2\/pages\/807"}],"wp:attachment":[{"href":"https:\/\/www.lagunalawfirm.com\/es\/wp-json\/wp\/v2\/media?parent=1273"}],"curies":[{"name":"wp","href":"https:\/\/api.w.org\/{rel}","templated":true}]}}