{"id":1275,"date":"2024-11-07T23:59:44","date_gmt":"2024-11-07T23:59:44","guid":{"rendered":"https:\/\/www.lagunalawfirm.com\/?page_id=1275"},"modified":"2026-03-26T03:15:50","modified_gmt":"2026-03-26T03:15:50","slug":"como-maximizar-las-prestaciones-por-accidente-laboral-en-california","status":"publish","type":"page","link":"https:\/\/www.lagunalawfirm.com\/es\/services\/workers-compensation\/how-to-maximize-workers-comp-benefits-in-california\/","title":{"rendered":"\u00bfC\u00f3mo maximizar las prestaciones por accidente laboral en California?"},"content":{"rendered":"<p>Si ha sufrido una lesi\u00f3n en el trabajo, conseguir el m\u00e1ximo de prestaciones de indemnizaci\u00f3n laboral a las que tiene derecho puede marcar una gran diferencia en su recuperaci\u00f3n y en su estabilidad financiera. Sin embargo, el proceso para obtener estas prestaciones puede resultar complejo y dif\u00edcil. En Laguna Law Firm, nos especializamos en ayudar a los trabajadores lesionados de California a navegar por el sistema de indemnizaci\u00f3n laboral y a maximizar sus prestaciones. A continuaci\u00f3n, le ofrecemos una gu\u00eda completa sobre c\u00f3mo asegurarse de recibir todas las prestaciones a las que tiene derecho.<\/p>\n\n\n\n<p><strong>1. Informe de su lesi\u00f3n inmediatamente<\/strong><\/p>\n\n\n\n<p>Uno de los pasos m\u00e1s importantes para maximizar tus prestaciones por accidente laboral es informar a tu empleador de la lesi\u00f3n lo antes posible. En California, tienes 30 d\u00edas a partir de la fecha de la lesi\u00f3n para notific\u00e1rselo a tu empleador. Retrasar esta notificaci\u00f3n puede dar lugar a que se rechace tu reclamaci\u00f3n, lo que puede afectar significativamente a tu capacidad para recibir prestaciones.<\/p>\n\n\n\n<p>Al informar sobre tu lesi\u00f3n, aseg\u00farate de proporcionar informaci\u00f3n detallada sobre c\u00f3mo ocurri\u00f3, los s\u00edntomas que presentas y si hubo testigos del incidente. Esta informaci\u00f3n ser\u00e1 importante para tu reclamaci\u00f3n y puede ayudar a evitar disputas en el futuro.<\/p>\n\n\n\n<p><strong>2. Busque atenci\u00f3n m\u00e9dica inmediata<\/strong><\/p>\n\n\n\n<p>Recibir atenci\u00f3n m\u00e9dica inmediata no solo es importante para su salud, sino tambi\u00e9n para su reclamaci\u00f3n de indemnizaci\u00f3n laboral. Despu\u00e9s de informar sobre su lesi\u00f3n, busque atenci\u00f3n m\u00e9dica de inmediato. Es posible que su empleador le exija acudir a un m\u00e9dico de su red de indemnizaci\u00f3n laboral, pero usted tambi\u00e9n tiene derecho a solicitar una segunda opini\u00f3n si es necesario.<\/p>\n\n\n\n<p>Aseg\u00farate de seguir todas las indicaciones m\u00e9dicas y de acudir a todas las citas programadas. Si no lo haces, la compa\u00f1\u00eda de seguros podr\u00eda utilizarlo en tu contra, alegando que tu lesi\u00f3n no es tan grave como afirmas. Es fundamental contar con un historial m\u00e9dico detallado que documente tu lesi\u00f3n y tu tratamiento para poder obtener el m\u00e1ximo de tus prestaciones.<\/p>\n\n\n\n<p><strong>3. Mantenga registros detallados<\/strong><\/p>\n\n\n\n<p>Es fundamental llevar un registro detallado de todo lo relacionado con tu lesi\u00f3n y tu reclamaci\u00f3n de indemnizaci\u00f3n laboral. Esto incluye:<\/p>\n\n\n\n<ul class=\"wp-block-list\">\n<li><strong>Historiales m\u00e9dicos:<\/strong>\u00a0Guarde copias de todos los informes m\u00e9dicos, resultados de pruebas, recetas y planes de tratamiento.<\/li>\n\n\n\n<li><strong>Restricciones laborales:<\/strong>\u00a0Si su m\u00e9dico le impone restricciones en cuanto a su capacidad para trabajar, solicite que se lo indique por escrito y entr\u00e9gueselo a su empleador.<\/li>\n\n\n\n<li><strong>Comunicaci\u00f3n<\/strong>\u00a0Documenta todas las comunicaciones con tu empleador, la compa\u00f1\u00eda de seguros y tus proveedores m\u00e9dicos. Esto incluye correos electr\u00f3nicos, cartas y notas de conversaciones telef\u00f3nicas.<\/li>\n\n\n\n<li><strong>Gastos:<\/strong>\u00a0Lleve un registro de todos los gastos de su propio bolsillo relacionados con su lesi\u00f3n, como los desplazamientos a las citas m\u00e9dicas o la compra de material m\u00e9dico.<\/li>\n<\/ul>\n\n\n\n<p>Estos documentos ser\u00e1n de gran ayuda para respaldar su solicitud y garantizar que reciba todas las prestaciones a las que tiene derecho.<\/p>\n\n\n\n<p><strong>4. Conozca toda la gama de prestaciones disponibles<\/strong><\/p>\n\n\n\n<p>El seguro de accidentes laborales en California ofrece varios tipos de prestaciones, y es importante que sepas a qu\u00e9 tienes derecho. Estas prestaciones pueden incluir:<\/p>\n\n\n\n<ul class=\"wp-block-list\">\n<li><strong>Tratamiento m\u00e9dico:<\/strong>\u00a0Cobertura de todos los tratamientos m\u00e9dicos necesarios relacionados con tu lesi\u00f3n.<\/li>\n\n\n\n<li><strong>Prestaciones por incapacidad temporal:<\/strong>\u00a0Pagos destinados a compensar una parte de los ingresos que ha dejado de percibir mientras no puede trabajar debido a su lesi\u00f3n.<\/li>\n\n\n\n<li><strong>Prestaciones por incapacidad permanente:<\/strong>\u00a0Indemnizaci\u00f3n si tu lesi\u00f3n te deja con una discapacidad permanente.<\/li>\n\n\n\n<li><strong>Prestaciones complementarias por p\u00e9rdida del empleo:<\/strong>\u00a0Un vale para formaci\u00f3n o educaci\u00f3n si no puedes volver a tu trabajo anterior.<\/li>\n\n\n\n<li><strong>Beneficios por fallecimiento<\/strong>\u00a0Pagos a tus dependientes en caso de que tu lesi\u00f3n provoque la muerte.<\/li>\n<\/ul>\n\n\n\n<p>Si conoce todos los beneficios disponibles, podr\u00e1 asegurarse de no dejar pasar ninguna posibilidad de recibir una indemnizaci\u00f3n.<\/p>\n\n\n\n<p><strong>5. Evita los errores m\u00e1s comunes<\/strong><\/p>\n\n\n\n<p>Hay varios errores comunes que pueden poner en riesgo su solicitud de indemnizaci\u00f3n laboral y reducir las prestaciones que recibe. Para maximizar sus prestaciones, evite estos errores:<\/p>\n\n\n\n<ul class=\"wp-block-list\">\n<li><strong>No informar de la lesi\u00f3n de inmediato:<\/strong>\u00a0Como se mencion\u00f3 anteriormente, presentar la reclamaci\u00f3n con retraso puede dar lugar a que se rechace.<\/li>\n\n\n\n<li><strong>Volver al trabajo demasiado pronto:<\/strong>\u00a0No regreses al trabajo hasta que tu m\u00e9dico te d\u00e9 el alta. Regresar demasiado pronto puede agravar tu lesi\u00f3n y afectar tu derecho a recibir prestaciones.<\/li>\n\n\n\n<li><strong>No seguir las indicaciones m\u00e9dicas:<\/strong>\u00a0Si no sigues las recomendaciones de tu m\u00e9dico, la compa\u00f1\u00eda de seguros podr\u00eda utilizarlo como argumento para alegar que tu lesi\u00f3n no es grave.<\/li>\n\n\n\n<li><strong>C\u00f3mo hablar con la compa\u00f1\u00eda de seguros sin representaci\u00f3n legal:<\/strong>\u00a0Los peritos de seguros pueden intentar que aceptes un acuerdo por una cantidad inferior a la que te corresponde. Es importante contar con representaci\u00f3n legal para proteger tus derechos durante las negociaciones.<\/li>\n<\/ul>\n\n\n\n<p><strong>6. Consulte con un abogado con experiencia en indemnizaciones por accidentes laborales<\/strong><\/p>\n\n\n\n<p>Una de las formas m\u00e1s eficaces de maximizar sus prestaciones por accidente laboral es consultar con un abogado con experiencia. En Laguna Law Firm, nos especializamos en casos de accidente laboral y conocemos a fondo el sistema de indemnizaci\u00f3n por accidente laboral de California. Podemos ayudarle a:<\/p>\n\n\n\n<ul class=\"wp-block-list\">\n<li><strong>Eval\u00fae su caso:<\/strong>\u00a0Analizaremos los detalles de tu lesi\u00f3n y tu reclamaci\u00f3n para determinar todas las prestaciones a las que tienes derecho.<\/li>\n\n\n\n<li><strong>Recopilar pruebas:<\/strong>\u00a0Te ayudaremos a reunir los expedientes m\u00e9dicos necesarios, las restricciones laborales y dem\u00e1s documentaci\u00f3n para respaldar tu reclamaci\u00f3n.<\/li>\n\n\n\n<li><strong>Negociar con la compa\u00f1\u00eda de seguros:<\/strong>\u00a0Nos encargaremos de todas las comunicaciones con la compa\u00f1\u00eda de seguros y negociaremos en su nombre para garantizar que reciba las m\u00e1ximas prestaciones.<\/li>\n\n\n\n<li><strong>Representarle en los recursos de apelaci\u00f3n:<\/strong>\u00a0Si te rechazan la reclamaci\u00f3n o te ofrecen menos de lo que te corresponde, podemos representarte en las apelaciones y audiencias para defender tus derechos.<\/li>\n<\/ul>\n\n\n\n<p><strong>Conclusi\u00f3n<\/strong><\/p>\n\n\n\n<p>Para maximizar sus prestaciones por accidente laboral en California es necesario actuar con rapidez, contar con documentaci\u00f3n detallada y comprender a fondo el sistema de indemnizaci\u00f3n laboral. Si sigue estos pasos y consulta con un abogado con experiencia, podr\u00e1 asegurarse de recibir todas las prestaciones a las que tiene derecho. En Laguna Law Firm, nos dedicamos a ayudar a los trabajadores lesionados a navegar por las complejidades del sistema de indemnizaci\u00f3n laboral y a lograr los mejores resultados posibles. Si ha sufrido una lesi\u00f3n en el trabajo, cont\u00e1ctenos hoy mismo para una consulta gratuita en la que podamos analizar su caso y explicarle c\u00f3mo podemos ayudarle.<\/p>","protected":false},"excerpt":{"rendered":"<p>When you\u2019ve been injured on the job, securing the maximum workers\u2019 compensation benefits you\u2019re entitled to can make a significant difference in your recovery and financial stability. However, the process of obtaining these benefits can be complex and challenging. At Laguna Law Firm, we specialize in helping injured workers in California navigate the workers\u2019 compensation [&hellip;]<\/p>\n","protected":false},"author":2,"featured_media":0,"parent":807,"menu_order":0,"comment_status":"closed","ping_status":"closed","template":"","meta":{"footnotes":""},"class_list":["post-1275","page","type-page","status-publish","hentry"],"_links":{"self":[{"href":"https:\/\/www.lagunalawfirm.com\/es\/wp-json\/wp\/v2\/pages\/1275","targetHints":{"allow":["GET"]}}],"collection":[{"href":"https:\/\/www.lagunalawfirm.com\/es\/wp-json\/wp\/v2\/pages"}],"about":[{"href":"https:\/\/www.lagunalawfirm.com\/es\/wp-json\/wp\/v2\/types\/page"}],"author":[{"embeddable":true,"href":"https:\/\/www.lagunalawfirm.com\/es\/wp-json\/wp\/v2\/users\/2"}],"replies":[{"embeddable":true,"href":"https:\/\/www.lagunalawfirm.com\/es\/wp-json\/wp\/v2\/comments?post=1275"}],"version-history":[{"count":1,"href":"https:\/\/www.lagunalawfirm.com\/es\/wp-json\/wp\/v2\/pages\/1275\/revisions"}],"predecessor-version":[{"id":1276,"href":"https:\/\/www.lagunalawfirm.com\/es\/wp-json\/wp\/v2\/pages\/1275\/revisions\/1276"}],"up":[{"embeddable":true,"href":"https:\/\/www.lagunalawfirm.com\/es\/wp-json\/wp\/v2\/pages\/807"}],"wp:attachment":[{"href":"https:\/\/www.lagunalawfirm.com\/es\/wp-json\/wp\/v2\/media?parent=1275"}],"curies":[{"name":"wp","href":"https:\/\/api.w.org\/{rel}","templated":true}]}}